{"id":11650,"date":"2024-07-01T20:48:49","date_gmt":"2024-07-01T18:48:49","guid":{"rendered":"https:\/\/jbtoyscollector.com\/?product=alf-ultimate"},"modified":"2024-07-01T22:44:20","modified_gmt":"2024-07-01T20:44:20","slug":"alf-ultimate","status":"publish","type":"product","link":"https:\/\/jbtoyscollector.com\/?product=alf-ultimate","title":{"rendered":"ALF Ultimate"},"content":{"rendered":"<p>Caracter\u00edsticas de ALF:<br \/>\n Personalidad: ALF es conocido por su sentido del humor sarc\u00e1stico, su amor por el consumo de gatos (aunque se hace amigo de Lucky y promete no comerlo), y su curiosidad por la cultura humana.<br \/>\n Interacciones: A lo largo de la serie, ALF interact\u00faa con la familia Tanner, enfrent\u00e1ndose a situaciones c\u00f3micas y a menudo complicadas debido a su naturaleza alien\u00edgena y su incapacidad para adaptarse completamente a la vida en la Tierra.<br \/>\n Aventuras y Problemas: A pesar de sus travesuras y desaf\u00edos, ALF desarrolla un v\u00ednculo especial con los Tanner, quienes a su vez tratan de proteger su existencia secreta de las autoridades y otros personajes.<\/p>\n","protected":false},"excerpt":{"rendered":"<p>&#8220;ALF&#8221; es una serie de televisi\u00f3n estadounidense que se emiti\u00f3 entre 1986 y 1990. Aqu\u00ed tienes una sinopsis general:<\/p>\n<p> Sinopsis de &#8220;ALF&#8221;<br \/>\n Nombre Completo: Alien Life Form (Forma de Vida Alien\u00edgena)<br \/>\n G\u00e9nero: Comedia, Ciencia Ficci\u00f3n<\/p>\n<p> Argumento:<br \/>\n La serie sigue las aventuras de ALF, un extraterrestre peludo y carism\u00e1tico procedente del planeta Melmac, que accidentalmente llega a la Tierra despu\u00e9s de que su nave espacial se estrelle en el garaje de la familia Tanner, en los suburbios de Los \u00c1ngeles. ALF es acogido por la familia, que incluye al padre Willie, la madre Kate, los hijos Lynn y Brian, y el gato de la familia, Lucky.<\/p>\n","protected":false},"featured_media":11748,"comment_status":"open","ping_status":"closed","template":"","meta":[],"product_cat":[],"product_tag":[],"acf":[],"_links":{"self":[{"href":"https:\/\/jbtoyscollector.com\/index.php?rest_route=\/wp\/v2\/product\/11650"}],"collection":[{"href":"https:\/\/jbtoyscollector.com\/index.php?rest_route=\/wp\/v2\/product"}],"about":[{"href":"https:\/\/jbtoyscollector.com\/index.php?rest_route=\/wp\/v2\/types\/product"}],"replies":[{"embeddable":true,"href":"https:\/\/jbtoyscollector.com\/index.php?rest_route=%2Fwp%2Fv2%2Fcomments&post=11650"}],"wp:featuredmedia":[{"embeddable":true,"href":"https:\/\/jbtoyscollector.com\/index.php?rest_route=\/wp\/v2\/media\/11748"}],"wp:attachment":[{"href":"https:\/\/jbtoyscollector.com\/index.php?rest_route=%2Fwp%2Fv2%2Fmedia&parent=11650"}],"wp:term":[{"taxonomy":"product_cat","embeddable":true,"href":"https:\/\/jbtoyscollector.com\/index.php?rest_route=%2Fwp%2Fv2%2Fproduct_cat&post=11650"},{"taxonomy":"product_tag","embeddable":true,"href":"https:\/\/jbtoyscollector.com\/index.php?rest_route=%2Fwp%2Fv2%2Fproduct_tag&post=11650"}],"curies":[{"name":"wp","href":"https:\/\/api.w.org\/{rel}","templated":true}]}}