{"id":11644,"date":"2024-07-01T20:48:46","date_gmt":"2024-07-01T18:48:46","guid":{"rendered":"https:\/\/jbtoyscollector.com\/?product=batman-the-adventures-continue-catwoma"},"modified":"2024-07-01T22:44:17","modified_gmt":"2024-07-01T20:44:17","slug":"batman-the-adventures-continue-catwoma","status":"publish","type":"product","link":"https:\/\/jbtoyscollector.com\/?product=batman-the-adventures-continue-catwoma","title":{"rendered":"Batman: The Adventures Continue Catwoma"},"content":{"rendered":"<p>Relaci\u00f3n entre Batman y Catwoman<br \/>\n La relaci\u00f3n entre Batman y Catwoman es una de las m\u00e1s complejas y fascinantes en el universo de DC Comics. Aqu\u00ed hay algunos aspectos clave de su relaci\u00f3n:<\/p>\n<p> Atracci\u00f3n y Tensi\u00f3n: Desde su primera aparici\u00f3n, ha habido una atracci\u00f3n evidente entre Batman y Catwoman. Esta tensi\u00f3n rom\u00e1ntica se mezcla con su relaci\u00f3n antag\u00f3nica, ya que Batman, el vigilante de la ley, se enfrenta a Catwoman, la ladrona.<br \/>\n Aliados y Enemigos: A lo largo de los a\u00f1os, Catwoman ha sido tanto una aliada como una enemiga de Batman. En algunas historias, trabaja junto a \u00e9l para derrotar amenazas mayores, mientras que en otras, sus caminos chocan debido a sus diferentes enfoques hacia la justicia.<br \/>\n Romance: En varias l\u00edneas argumentales, la relaci\u00f3n entre Bruce Wayne y Selina Kyle evoluciona hacia un romance profundo. Esto se ve en historias como &#8220;Hush&#8221; y &#8220;The Long Halloween&#8221;, donde su relaci\u00f3n rom\u00e1ntica se explora con m\u00e1s detalle.<\/p>\n","protected":false},"excerpt":{"rendered":"<p>Batman<br \/>\n Nombre Real: Bruce Wayne<br \/>\n Primera Aparici\u00f3n: Detective Comics #27 (mayo de 1939)<br \/>\n Creadores: Bob Kane y Bill Finger<\/p>\n<p> Origen:<\/p>\n<p> Bruce Wayne es un multimillonario que, tras presenciar el asesinato de sus padres en un callej\u00f3n de Gotham, jura combatir el crimen.<br \/>\n Utiliza su vasto entrenamiento en artes marciales, habilidades detectivescas y una variedad de gadgets para luchar contra los criminales de Gotham como Batman.<\/p>\n","protected":false},"featured_media":11743,"comment_status":"open","ping_status":"closed","template":"","meta":[],"product_cat":[],"product_tag":[],"acf":[],"_links":{"self":[{"href":"https:\/\/jbtoyscollector.com\/index.php?rest_route=\/wp\/v2\/product\/11644"}],"collection":[{"href":"https:\/\/jbtoyscollector.com\/index.php?rest_route=\/wp\/v2\/product"}],"about":[{"href":"https:\/\/jbtoyscollector.com\/index.php?rest_route=\/wp\/v2\/types\/product"}],"replies":[{"embeddable":true,"href":"https:\/\/jbtoyscollector.com\/index.php?rest_route=%2Fwp%2Fv2%2Fcomments&post=11644"}],"wp:featuredmedia":[{"embeddable":true,"href":"https:\/\/jbtoyscollector.com\/index.php?rest_route=\/wp\/v2\/media\/11743"}],"wp:attachment":[{"href":"https:\/\/jbtoyscollector.com\/index.php?rest_route=%2Fwp%2Fv2%2Fmedia&parent=11644"}],"wp:term":[{"taxonomy":"product_cat","embeddable":true,"href":"https:\/\/jbtoyscollector.com\/index.php?rest_route=%2Fwp%2Fv2%2Fproduct_cat&post=11644"},{"taxonomy":"product_tag","embeddable":true,"href":"https:\/\/jbtoyscollector.com\/index.php?rest_route=%2Fwp%2Fv2%2Fproduct_tag&post=11644"}],"curies":[{"name":"wp","href":"https:\/\/api.w.org\/{rel}","templated":true}]}}