{"id":11643,"date":"2024-07-01T20:48:46","date_gmt":"2024-07-01T18:48:46","guid":{"rendered":"https:\/\/jbtoyscollector.com\/?product=batman-the-adventures-continue"},"modified":"2024-07-01T22:44:17","modified_gmt":"2024-07-01T20:44:17","slug":"batman-the-adventures-continue","status":"publish","type":"product","link":"https:\/\/jbtoyscollector.com\/?product=batman-the-adventures-continue","title":{"rendered":"Batman: The Adventures Continue"},"content":{"rendered":"<p>Caracter\u00edsticas y Habilidades:<\/p>\n<p> Inteligencia: Considerado uno de los mejores detectives del mundo.<br \/>\n Habilidad de Combate: Maestro en diversas artes marciales.<br \/>\n Tecnolog\u00eda y Gadgets: Utiliza un amplio arsenal de gadgets y veh\u00edculos, incluyendo el Batm\u00f3vil y el Batarang.<br \/>\n Determinaci\u00f3n y Voluntad: Su fuerza de voluntad y determinaci\u00f3n son inquebrantables.<\/p>\n","protected":false},"excerpt":{"rendered":"<p>Batman<br \/>\n Nombre Real: Bruce Wayne<br \/>\n Primera Aparici\u00f3n: Detective Comics #27 (mayo de 1939)<br \/>\n Creadores: Bob Kane y Bill Finger<\/p>\n<p> Origen:<\/p>\n<p> Bruce Wayne es un multimillonario que, tras presenciar el asesinato de sus padres en un callej\u00f3n de Gotham, jura combatir el crimen.<br \/>\n Utiliza su vasto entrenamiento en artes marciales, habilidades detectivescas y una variedad de gadgets para luchar contra los criminales de Gotham como Batman.<\/p>\n","protected":false},"featured_media":11742,"comment_status":"open","ping_status":"closed","template":"","meta":[],"product_cat":[],"product_tag":[],"acf":[],"_links":{"self":[{"href":"https:\/\/jbtoyscollector.com\/index.php?rest_route=\/wp\/v2\/product\/11643"}],"collection":[{"href":"https:\/\/jbtoyscollector.com\/index.php?rest_route=\/wp\/v2\/product"}],"about":[{"href":"https:\/\/jbtoyscollector.com\/index.php?rest_route=\/wp\/v2\/types\/product"}],"replies":[{"embeddable":true,"href":"https:\/\/jbtoyscollector.com\/index.php?rest_route=%2Fwp%2Fv2%2Fcomments&post=11643"}],"wp:featuredmedia":[{"embeddable":true,"href":"https:\/\/jbtoyscollector.com\/index.php?rest_route=\/wp\/v2\/media\/11742"}],"wp:attachment":[{"href":"https:\/\/jbtoyscollector.com\/index.php?rest_route=%2Fwp%2Fv2%2Fmedia&parent=11643"}],"wp:term":[{"taxonomy":"product_cat","embeddable":true,"href":"https:\/\/jbtoyscollector.com\/index.php?rest_route=%2Fwp%2Fv2%2Fproduct_cat&post=11643"},{"taxonomy":"product_tag","embeddable":true,"href":"https:\/\/jbtoyscollector.com\/index.php?rest_route=%2Fwp%2Fv2%2Fproduct_tag&post=11643"}],"curies":[{"name":"wp","href":"https:\/\/api.w.org\/{rel}","templated":true}]}}