{"id":11642,"date":"2024-07-01T20:48:45","date_gmt":"2024-07-01T18:48:45","guid":{"rendered":"https:\/\/jbtoyscollector.com\/?product=batman-the-adventures-continue-the-batman-who-laughs"},"modified":"2024-07-01T22:44:17","modified_gmt":"2024-07-01T20:44:17","slug":"batman-the-adventures-continue-the-batman-who-laughs","status":"publish","type":"product","link":"https:\/\/jbtoyscollector.com\/?product=batman-the-adventures-continue-the-batman-who-laughs","title":{"rendered":"Batman: The Adventures Continue The Batman Who Laughs"},"content":{"rendered":"<p>Origen y Transformaci\u00f3n<br \/>\n En la Tierra-22 del Multiverso Oscuro, el Joker enloquece a\u00fan m\u00e1s de lo habitual y somete a Gotham City a una serie de atrocidades extremas. En su \u00faltimo acto, el Joker envenena a Bruce Wayne con una toxina que, al matarlo, tambi\u00e9n transforma a Bruce en un ser similar al Joker. El resultado es el Batman Who Laughs, una fusi\u00f3n de las habilidades de Batman con la locura y la crueldad del Joker.<\/p>\n<p> Caracter\u00edsticas y Habilidades<br \/>\n Inteligencia y Estrategia: Como Batman, posee una mente brillante y es un maestro estratega, capaz de planificar y anticipar los movimientos de sus enemigos con precisi\u00f3n letal.<br \/>\n Habilidad de Combate: Tiene el mismo entrenamiento en artes marciales y combate cuerpo a cuerpo que el Batman original.<br \/>\n Inmunidad a la Locura: La toxina del Joker le otorga una forma de inmunidad a la locura, permiti\u00e9ndole pensar y actuar con la astucia del Joker sin perder el control.<br \/>\n Crueldad Extrema: Su falta de moral y empat\u00eda lo hace extremadamente peligroso, dispuesto a cometer atrocidades inimaginables para lograr sus objetivos.<br \/>\n Visi\u00f3n Oscura: Puede ver las debilidades y temores de las personas, utiliz\u00e1ndolos en su contra.<\/p>\n","protected":false},"excerpt":{"rendered":"<p>Batman Who Laughs es un personaje de DC Comics que combina elementos del Joker y Batman, creando uno de los villanos m\u00e1s temibles y oscuros del universo de DC. Introducido en la serie de c\u00f3mics &#8220;Dark Nights: Metal&#8221;, este personaje ha dejado una huella significativa debido a su crueldad y astucia. Aqu\u00ed tienes una descripci\u00f3n detallada:<\/p>\n<p> Batman Who Laughs<br \/>\n Primera Aparici\u00f3n: &#8220;Dark Days: The Casting&#8221; #1 (septiembre de 2017)<br \/>\n Creadores: Scott Snyder (escritor) y Greg Capullo (artista)<br \/>\n Nombre Real: Bruce Wayne (de la Tierra-22)<\/p>\n","protected":false},"featured_media":11741,"comment_status":"open","ping_status":"closed","template":"","meta":[],"product_cat":[],"product_tag":[],"acf":[],"_links":{"self":[{"href":"https:\/\/jbtoyscollector.com\/index.php?rest_route=\/wp\/v2\/product\/11642"}],"collection":[{"href":"https:\/\/jbtoyscollector.com\/index.php?rest_route=\/wp\/v2\/product"}],"about":[{"href":"https:\/\/jbtoyscollector.com\/index.php?rest_route=\/wp\/v2\/types\/product"}],"replies":[{"embeddable":true,"href":"https:\/\/jbtoyscollector.com\/index.php?rest_route=%2Fwp%2Fv2%2Fcomments&post=11642"}],"wp:featuredmedia":[{"embeddable":true,"href":"https:\/\/jbtoyscollector.com\/index.php?rest_route=\/wp\/v2\/media\/11741"}],"wp:attachment":[{"href":"https:\/\/jbtoyscollector.com\/index.php?rest_route=%2Fwp%2Fv2%2Fmedia&parent=11642"}],"wp:term":[{"taxonomy":"product_cat","embeddable":true,"href":"https:\/\/jbtoyscollector.com\/index.php?rest_route=%2Fwp%2Fv2%2Fproduct_cat&post=11642"},{"taxonomy":"product_tag","embeddable":true,"href":"https:\/\/jbtoyscollector.com\/index.php?rest_route=%2Fwp%2Fv2%2Fproduct_tag&post=11642"}],"curies":[{"name":"wp","href":"https:\/\/api.w.org\/{rel}","templated":true}]}}