{"id":11633,"date":"2024-07-01T20:48:42","date_gmt":"2024-07-01T18:48:42","guid":{"rendered":"https:\/\/jbtoyscollector.com\/?product=g-i-joe-classified-series-quick-kick"},"modified":"2025-10-13T08:43:12","modified_gmt":"2025-10-13T06:43:12","slug":"g-i-joe-classified-series-quick-kick","status":"publish","type":"product","link":"https:\/\/jbtoyscollector.com\/?product=g-i-joe-classified-series-quick-kick","title":{"rendered":"G.I. Joe Classified Series Quick Kick"},"content":{"rendered":"<p>Caracter\u00edsticas y Habilidades<br \/>\n Maestr\u00eda en Artes Marciales: Quick Kick es un experto en varias disciplinas de artes marciales, lo que le permite enfrentarse eficazmente a m\u00faltiples oponentes y utilizar t\u00e9cnicas avanzadas de combate cuerpo a cuerpo.<br \/>\n Flexibilidad y Agilidad: Es \u00e1gil y posee una gran flexibilidad, habilidades que utiliza para evadir ataques y ejecutar movimientos r\u00e1pidos y precisos.<br \/>\n Entrenamiento en Combate: Adem\u00e1s de sus habilidades f\u00edsicas, Quick Kick est\u00e1 entrenado en el uso de armas y t\u00e1cticas de combate especiales, lo que lo convierte en un activo valioso en operaciones de combate y rescate.<br \/>\n Historia y Participaci\u00f3n<br \/>\n Quick Kick es conocido por su car\u00e1cter jovial y su dedicaci\u00f3n al equipo G.I. Joe. A menudo es retratado como un soldado valiente y optimista, dispuesto a arriesgar todo por la misi\u00f3n y sus compa\u00f1eros. Su habilidad para luchar cuerpo a cuerpo y su destreza en el campo de batalla lo han convertido en un miembro respetado del equipo G.I. Joe.<\/p>\n","protected":false},"excerpt":{"rendered":"<p>Quick Kick es otro personaje de G.I. Joe, conocido por sus habilidades en artes marciales y su participaci\u00f3n en operaciones especiales. Aqu\u00ed tienes una descripci\u00f3n:<\/p>\n<p> Quick Kick (G.I. Joe)<br \/>\n Nombre Real: MacArthur S. Ito<br \/>\n Afiliaci\u00f3n: G.I. Joe<br \/>\n Funci\u00f3n Principal: Combate Cuerpo a Cuerpo y Operaciones Especiales<\/p>\n","protected":false},"featured_media":11732,"comment_status":"open","ping_status":"closed","template":"","meta":[],"product_cat":[],"product_tag":[],"acf":[],"_links":{"self":[{"href":"https:\/\/jbtoyscollector.com\/index.php?rest_route=\/wp\/v2\/product\/11633"}],"collection":[{"href":"https:\/\/jbtoyscollector.com\/index.php?rest_route=\/wp\/v2\/product"}],"about":[{"href":"https:\/\/jbtoyscollector.com\/index.php?rest_route=\/wp\/v2\/types\/product"}],"replies":[{"embeddable":true,"href":"https:\/\/jbtoyscollector.com\/index.php?rest_route=%2Fwp%2Fv2%2Fcomments&post=11633"}],"wp:featuredmedia":[{"embeddable":true,"href":"https:\/\/jbtoyscollector.com\/index.php?rest_route=\/wp\/v2\/media\/11732"}],"wp:attachment":[{"href":"https:\/\/jbtoyscollector.com\/index.php?rest_route=%2Fwp%2Fv2%2Fmedia&parent=11633"}],"wp:term":[{"taxonomy":"product_cat","embeddable":true,"href":"https:\/\/jbtoyscollector.com\/index.php?rest_route=%2Fwp%2Fv2%2Fproduct_cat&post=11633"},{"taxonomy":"product_tag","embeddable":true,"href":"https:\/\/jbtoyscollector.com\/index.php?rest_route=%2Fwp%2Fv2%2Fproduct_tag&post=11633"}],"curies":[{"name":"wp","href":"https:\/\/api.w.org\/{rel}","templated":true}]}}