{"id":11631,"date":"2024-07-01T20:48:42","date_gmt":"2024-07-01T18:48:42","guid":{"rendered":"https:\/\/jbtoyscollector.com\/?product=g-i-joe-classified-series-retro-collection-duke"},"modified":"2024-07-01T22:44:13","modified_gmt":"2024-07-01T20:44:13","slug":"g-i-joe-classified-series-retro-collection-duke","status":"publish","type":"product","link":"https:\/\/jbtoyscollector.com\/?product=g-i-joe-classified-series-retro-collection-duke","title":{"rendered":"G.I. Joe Classified Series Retro Collection Duke"},"content":{"rendered":"<p>Caracter\u00edsticas y Habilidades<br \/>\n Liderazgo Militar: Duke es conocido por su habilidad como l\u00edder de campo en el equipo G.I. Joe. Es respetado por su habilidad para tomar decisiones r\u00e1pidas y efectivas bajo presi\u00f3n.<br \/>\n Capacidades T\u00e1cticas: Es un estratega brillante, capaz de planificar y ejecutar operaciones militares complejas contra la organizaci\u00f3n terrorista Cobra y otros enemigos.<br \/>\n Habilidades en Combate: Duke es un combatiente experto en diversas formas de combate, incluyendo el combate cuerpo a cuerpo y el uso de una variedad de armas de fuego y equipo militar.<\/p>\n","protected":false},"excerpt":{"rendered":"<p>Duke es uno de los personajes m\u00e1s importantes y reconocidos dentro del equipo G.I. Joe. Aqu\u00ed tienes una descripci\u00f3n detallada:<\/p>\n<p> Duke (G.I. Joe)<br \/>\n Nombre Real: Conrad S. Hauser<br \/>\n Afiliaci\u00f3n: G.I. Joe<br \/>\n Funci\u00f3n Principal: Primer Sargento y L\u00edder de Campo<\/p>\n","protected":false},"featured_media":11730,"comment_status":"open","ping_status":"closed","template":"","meta":[],"product_cat":[],"product_tag":[],"acf":[],"_links":{"self":[{"href":"https:\/\/jbtoyscollector.com\/index.php?rest_route=\/wp\/v2\/product\/11631"}],"collection":[{"href":"https:\/\/jbtoyscollector.com\/index.php?rest_route=\/wp\/v2\/product"}],"about":[{"href":"https:\/\/jbtoyscollector.com\/index.php?rest_route=\/wp\/v2\/types\/product"}],"replies":[{"embeddable":true,"href":"https:\/\/jbtoyscollector.com\/index.php?rest_route=%2Fwp%2Fv2%2Fcomments&post=11631"}],"wp:featuredmedia":[{"embeddable":true,"href":"https:\/\/jbtoyscollector.com\/index.php?rest_route=\/wp\/v2\/media\/11730"}],"wp:attachment":[{"href":"https:\/\/jbtoyscollector.com\/index.php?rest_route=%2Fwp%2Fv2%2Fmedia&parent=11631"}],"wp:term":[{"taxonomy":"product_cat","embeddable":true,"href":"https:\/\/jbtoyscollector.com\/index.php?rest_route=%2Fwp%2Fv2%2Fproduct_cat&post=11631"},{"taxonomy":"product_tag","embeddable":true,"href":"https:\/\/jbtoyscollector.com\/index.php?rest_route=%2Fwp%2Fv2%2Fproduct_tag&post=11631"}],"curies":[{"name":"wp","href":"https:\/\/api.w.org\/{rel}","templated":true}]}}