{"id":11630,"date":"2024-07-01T20:48:41","date_gmt":"2024-07-01T18:48:41","guid":{"rendered":"https:\/\/jbtoyscollector.com\/?product=g-i-joe-classified-series-python-crimson-guard-exclusive"},"modified":"2024-07-01T22:44:13","modified_gmt":"2024-07-01T20:44:13","slug":"g-i-joe-classified-series-python-crimson-guard-exclusive","status":"publish","type":"product","link":"https:\/\/jbtoyscollector.com\/?product=g-i-joe-classified-series-python-crimson-guard-exclusive","title":{"rendered":"G.I. Joe Classified Series Python Crimson Guard Exclusive"},"content":{"rendered":"<p>El Python Crimson Guard es una variante especial de la Crimson Guard, una unidad \u00e9lite dentro de la organizaci\u00f3n terrorista Cobra en el universo de G.I. Joe. Aqu\u00ed tienes una descripci\u00f3n:<\/p>\n<p> Python Crimson Guard (G.I. Joe)<br \/>\n Afiliaci\u00f3n: Cobra<br \/>\n Funci\u00f3n Principal: Operaciones Especiales y Seguridad<\/p>\n<p> Caracter\u00edsticas y Habilidades<br \/>\n Entrenamiento Elite: Al igual que los Crimson Guards est\u00e1ndar, los Python Crimson Guards son altamente entrenados en combate cuerpo a cuerpo, manejo de armas y t\u00e9cnicas de infiltraci\u00f3n.<br \/>\n Uniforme Especial: Se distinguen por su uniforme rojo brillante y su casco con una serpiente enroscada, s\u00edmbolo distintivo de la organizaci\u00f3n Cobra.<br \/>\n Lealtad a Cobra: Son fervientes seguidores de Cobra Commander y est\u00e1n dispuestos a llevar a cabo cualquier misi\u00f3n, sin importar lo arriesgada que sea.<\/p>\n","protected":false},"excerpt":{"rendered":"<p>Los Python Crimson Guards son parte integral de la mitolog\u00eda de G.I. Joe, destac\u00e1ndose como adversarios formidables para el equipo G.I. Joe. Su dedicaci\u00f3n a la causa de Cobra y su entrenamiento especializado los convierten en enemigos peligrosos y desafiantes para los h\u00e9roes de G.I. Joe, a\u00f1adiendo profundidad y tensi\u00f3n a las historias de la serie.<\/p>\n","protected":false},"featured_media":11729,"comment_status":"open","ping_status":"closed","template":"","meta":[],"product_cat":[],"product_tag":[],"acf":[],"_links":{"self":[{"href":"https:\/\/jbtoyscollector.com\/index.php?rest_route=\/wp\/v2\/product\/11630"}],"collection":[{"href":"https:\/\/jbtoyscollector.com\/index.php?rest_route=\/wp\/v2\/product"}],"about":[{"href":"https:\/\/jbtoyscollector.com\/index.php?rest_route=\/wp\/v2\/types\/product"}],"replies":[{"embeddable":true,"href":"https:\/\/jbtoyscollector.com\/index.php?rest_route=%2Fwp%2Fv2%2Fcomments&post=11630"}],"wp:featuredmedia":[{"embeddable":true,"href":"https:\/\/jbtoyscollector.com\/index.php?rest_route=\/wp\/v2\/media\/11729"}],"wp:attachment":[{"href":"https:\/\/jbtoyscollector.com\/index.php?rest_route=%2Fwp%2Fv2%2Fmedia&parent=11630"}],"wp:term":[{"taxonomy":"product_cat","embeddable":true,"href":"https:\/\/jbtoyscollector.com\/index.php?rest_route=%2Fwp%2Fv2%2Fproduct_cat&post=11630"},{"taxonomy":"product_tag","embeddable":true,"href":"https:\/\/jbtoyscollector.com\/index.php?rest_route=%2Fwp%2Fv2%2Fproduct_tag&post=11630"}],"curies":[{"name":"wp","href":"https:\/\/api.w.org\/{rel}","templated":true}]}}