{"id":11629,"date":"2024-07-01T20:48:39","date_gmt":"2024-07-01T18:48:39","guid":{"rendered":"https:\/\/jbtoyscollector.com\/?product=g-i-joe-classified-series-general-hawk"},"modified":"2024-07-01T22:44:12","modified_gmt":"2024-07-01T20:44:12","slug":"g-i-joe-classified-series-general-hawk","status":"publish","type":"product","link":"https:\/\/jbtoyscollector.com\/?product=g-i-joe-classified-series-general-hawk","title":{"rendered":"G.I. Joe Classified Series General Hawk"},"content":{"rendered":"<p>Caracter\u00edsticas y Habilidades<br \/>\n Liderazgo Militar: General Hawk es un l\u00edder militar experimentado y altamente respetado dentro del equipo G.I. Joe. Es conocido por su habilidad para tomar decisiones dif\u00edciles y liderar eficazmente en situaciones de combate.<br \/>\n Estratega Brillante: Posee un agudo sentido estrat\u00e9gico y t\u00e1ctico, siendo capaz de planificar y ejecutar operaciones militares complejas contra la organizaci\u00f3n terrorista Cobra y otros enemigos.<br \/>\n Experiencia en Campo: Aunque es principalmente un comandante, General Hawk tambi\u00e9n tiene experiencia en combate y puede participar activamente en misiones cuando es necesario.<\/p>\n","protected":false},"excerpt":{"rendered":"<p>General Hawk es un personaje prominente dentro del universo de G.I. Joe, conocido por su liderazgo y habilidades estrat\u00e9gicas como comandante del equipo G.I. Joe. Aqu\u00ed tienes una descripci\u00f3n:<\/p>\n<p> General Hawk (G.I. Joe)<br \/>\n Nombre Real: Clayton M. Abernathy<br \/>\n Afiliaci\u00f3n: G.I. Joe<br \/>\n Funci\u00f3n Principal: Comandante en Jefe<\/p>\n","protected":false},"featured_media":11728,"comment_status":"open","ping_status":"closed","template":"","meta":[],"product_cat":[],"product_tag":[],"acf":[],"_links":{"self":[{"href":"https:\/\/jbtoyscollector.com\/index.php?rest_route=\/wp\/v2\/product\/11629"}],"collection":[{"href":"https:\/\/jbtoyscollector.com\/index.php?rest_route=\/wp\/v2\/product"}],"about":[{"href":"https:\/\/jbtoyscollector.com\/index.php?rest_route=\/wp\/v2\/types\/product"}],"replies":[{"embeddable":true,"href":"https:\/\/jbtoyscollector.com\/index.php?rest_route=%2Fwp%2Fv2%2Fcomments&post=11629"}],"wp:featuredmedia":[{"embeddable":true,"href":"https:\/\/jbtoyscollector.com\/index.php?rest_route=\/wp\/v2\/media\/11728"}],"wp:attachment":[{"href":"https:\/\/jbtoyscollector.com\/index.php?rest_route=%2Fwp%2Fv2%2Fmedia&parent=11629"}],"wp:term":[{"taxonomy":"product_cat","embeddable":true,"href":"https:\/\/jbtoyscollector.com\/index.php?rest_route=%2Fwp%2Fv2%2Fproduct_cat&post=11629"},{"taxonomy":"product_tag","embeddable":true,"href":"https:\/\/jbtoyscollector.com\/index.php?rest_route=%2Fwp%2Fv2%2Fproduct_tag&post=11629"}],"curies":[{"name":"wp","href":"https:\/\/api.w.org\/{rel}","templated":true}]}}