{"id":11626,"date":"2024-07-01T20:48:38","date_gmt":"2024-07-01T18:48:38","guid":{"rendered":"https:\/\/jbtoyscollector.com\/?product=g-i-joe-classified-series-bazooka"},"modified":"2024-07-01T22:44:11","modified_gmt":"2024-07-01T20:44:11","slug":"g-i-joe-classified-series-bazooka","status":"publish","type":"product","link":"https:\/\/jbtoyscollector.com\/?product=g-i-joe-classified-series-bazooka","title":{"rendered":"G.I. Joe Classified Series Bazooka"},"content":{"rendered":"<p>Caracter\u00edsticas y Habilidades<br \/>\n Especializaci\u00f3n en Bazooka: Como su nombre indica, Bazooka es un experto en el uso del lanzacohetes antitanque, conocido como bazooka. Es h\u00e1bil en el manejo de diferentes tipos de armamento pesado.<br \/>\n Fuerza y Resistencia: Aunque no tiene habilidades sobrehumanas, Bazooka es un soldado robusto y resistente, capaz de soportar las duras condiciones de combate.<br \/>\n Lealtad y Disciplina: Es conocido por su devoci\u00f3n al equipo G.I. Joe y por ser un soldado disciplinado y dedicado<\/p>\n","protected":false},"excerpt":{"rendered":"<p>Bazooka es un personaje ficticio del equipo G.I. Joe en la franquicia de juguetes, c\u00f3mics y series de animaci\u00f3n. Aqu\u00ed tienes una descripci\u00f3n:<\/p>\n<p> Bazooka (G.I. Joe)<br \/>\n Nombre Real: David L. Katzenbogen<br \/>\n Afiliaci\u00f3n: G.I. Joe<br \/>\n Funci\u00f3n Principal: Soldado de Artiller\u00eda Pesada<\/p>\n","protected":false},"featured_media":11725,"comment_status":"open","ping_status":"closed","template":"","meta":[],"product_cat":[],"product_tag":[],"acf":[],"_links":{"self":[{"href":"https:\/\/jbtoyscollector.com\/index.php?rest_route=\/wp\/v2\/product\/11626"}],"collection":[{"href":"https:\/\/jbtoyscollector.com\/index.php?rest_route=\/wp\/v2\/product"}],"about":[{"href":"https:\/\/jbtoyscollector.com\/index.php?rest_route=\/wp\/v2\/types\/product"}],"replies":[{"embeddable":true,"href":"https:\/\/jbtoyscollector.com\/index.php?rest_route=%2Fwp%2Fv2%2Fcomments&post=11626"}],"wp:featuredmedia":[{"embeddable":true,"href":"https:\/\/jbtoyscollector.com\/index.php?rest_route=\/wp\/v2\/media\/11725"}],"wp:attachment":[{"href":"https:\/\/jbtoyscollector.com\/index.php?rest_route=%2Fwp%2Fv2%2Fmedia&parent=11626"}],"wp:term":[{"taxonomy":"product_cat","embeddable":true,"href":"https:\/\/jbtoyscollector.com\/index.php?rest_route=%2Fwp%2Fv2%2Fproduct_cat&post=11626"},{"taxonomy":"product_tag","embeddable":true,"href":"https:\/\/jbtoyscollector.com\/index.php?rest_route=%2Fwp%2Fv2%2Fproduct_tag&post=11626"}],"curies":[{"name":"wp","href":"https:\/\/api.w.org\/{rel}","templated":true}]}}