{"id":11624,"date":"2024-07-01T20:48:37","date_gmt":"2024-07-01T18:48:37","guid":{"rendered":"https:\/\/jbtoyscollector.com\/?product=transformers-collaborative-ghostbusters-x-transformers-ectotron-ecto-1"},"modified":"2024-07-01T22:44:10","modified_gmt":"2024-07-01T20:44:10","slug":"transformers-collaborative-ghostbusters-x-transformers-ectotron-ecto-1","status":"publish","type":"product","link":"https:\/\/jbtoyscollector.com\/?product=transformers-collaborative-ghostbusters-x-transformers-ectotron-ecto-1","title":{"rendered":"Transformers Collaborative Ghostbusters x Transformers Ectotron Ecto-1"},"content":{"rendered":"<p>Caracter\u00edsticas y Equipamiento<br \/>\n Conversi\u00f3n y Prop\u00f3sito: Ecto-1 es una ambulancia\/hearse Cadillac Miller-Meteor de 1959 convertida en un veh\u00edculo de emergencia para los Cazafantasmas. Equipado con una amplia gama de equipos de caza fantasmas, se utiliza para transportar al equipo y su equipo a sitios de actividad paranormal.<br \/>\n Dise\u00f1o Exterior: El veh\u00edculo es blanco con detalles rojos y lleva una serie de equipos de alta tecnolog\u00eda en el techo, incluyendo sirenas, luces estrobosc\u00f3picas, y diversos dispositivos de detecci\u00f3n de fantasmas. Tambi\u00e9n tiene un distintivo logotipo de los Cazafantasmas en las puertas y una matr\u00edcula personalizada que dice &#8220;Ecto-1&#8221;.<br \/>\n Equipamiento Interno: Dentro del Ecto-1 hay una variedad de equipos utilizados para la detecci\u00f3n y captura de fantasmas, incluyendo trampas para fantasmas, contenedores de almacenamiento de protones, y otros aparatos de alta tecnolog\u00eda dise\u00f1ados por los Cazafantasmas.<br \/>\n Historia y Participaci\u00f3n<br \/>\n &#8220;Ghostbusters&#8221; (1984): Ecto-1 es presentado como el veh\u00edculo principal del equipo de los Cazafantasmas. Originalmente un coche viejo y en mal estado, es restaurado y modificado por el Dr. Ray Stantz (interpretado por Dan Aykroyd) para convertirlo en el ic\u00f3nico veh\u00edculo que conocemos.<br \/>\n &#8220;Ghostbusters II&#8221; (1989): En la secuela, Ecto-1 sufre una serie de modificaciones y actualizaciones, apareciendo como Ecto-1A con nuevas funciones y un dise\u00f1o actualizado.<br \/>\n &#8220;Ghostbusters: Afterlife&#8221; (2021): Ecto-1 reaparece en esta pel\u00edcula, donde es descubierto y reparado por los nietos del Dr. Egon Spengler. El veh\u00edculo juega un papel crucial en la nueva aventura, conectando la nueva generaci\u00f3n de cazafantasmas con el equipo original.<\/p>\n","protected":false},"excerpt":{"rendered":"<p>Ecto-1 es uno de los veh\u00edculos m\u00e1s ic\u00f3nicos de la cultura pop, famoso por su aparici\u00f3n en la franquicia de &#8220;Ghostbusters&#8221; (Cazafantasmas). Aqu\u00ed tienes una descripci\u00f3n detallada:<\/p>\n<p> Ecto-1<br \/>\n Origen: &#8220;Ghostbusters&#8221; (Cazafantasmas)<br \/>\n Primer Aparici\u00f3n: &#8220;Ghostbusters&#8221; (1984)<br \/>\n Tipo: Veh\u00edculo de emergencia modificado<br \/>\n Fabricante Original: Cadillac<br \/>\n Modelo: Cadillac Miller-Meteor Ambulance (1959)<\/p>\n","protected":false},"featured_media":11723,"comment_status":"open","ping_status":"closed","template":"","meta":[],"product_cat":[],"product_tag":[],"acf":[],"_links":{"self":[{"href":"https:\/\/jbtoyscollector.com\/index.php?rest_route=\/wp\/v2\/product\/11624"}],"collection":[{"href":"https:\/\/jbtoyscollector.com\/index.php?rest_route=\/wp\/v2\/product"}],"about":[{"href":"https:\/\/jbtoyscollector.com\/index.php?rest_route=\/wp\/v2\/types\/product"}],"replies":[{"embeddable":true,"href":"https:\/\/jbtoyscollector.com\/index.php?rest_route=%2Fwp%2Fv2%2Fcomments&post=11624"}],"wp:featuredmedia":[{"embeddable":true,"href":"https:\/\/jbtoyscollector.com\/index.php?rest_route=\/wp\/v2\/media\/11723"}],"wp:attachment":[{"href":"https:\/\/jbtoyscollector.com\/index.php?rest_route=%2Fwp%2Fv2%2Fmedia&parent=11624"}],"wp:term":[{"taxonomy":"product_cat","embeddable":true,"href":"https:\/\/jbtoyscollector.com\/index.php?rest_route=%2Fwp%2Fv2%2Fproduct_cat&post=11624"},{"taxonomy":"product_tag","embeddable":true,"href":"https:\/\/jbtoyscollector.com\/index.php?rest_route=%2Fwp%2Fv2%2Fproduct_tag&post=11624"}],"curies":[{"name":"wp","href":"https:\/\/api.w.org\/{rel}","templated":true}]}}