{"id":11619,"date":"2024-07-01T20:48:36","date_gmt":"2024-07-01T18:48:36","guid":{"rendered":"https:\/\/jbtoyscollector.com\/?product=pop-marvel-fantastic-four-10-galactus-w-silver-surfer"},"modified":"2024-07-01T22:44:09","modified_gmt":"2024-07-01T20:44:09","slug":"pop-marvel-fantastic-four-10-galactus-w-silver-surfer","status":"publish","type":"product","link":"https:\/\/jbtoyscollector.com\/?product=pop-marvel-fantastic-four-10-galactus-w-silver-surfer","title":{"rendered":"Pop! Marvel: Fantastic Four &#8211; 10&#8243; Galactus w\/ Silver Surfer"},"content":{"rendered":"<p>aracter\u00edsticas y Habilidades<br \/>\n Entidad C\u00f3smica: Galactus es una entidad c\u00f3smica de origen desconocido y de dimensiones inmensurables. Su tama\u00f1o y poder son tan vastos que tiene la capacidad de destruir y devorar planetas enteros para alimentarse.<br \/>\n Necesidades Energ\u00e9ticas: Para sobrevivir, Galactus depende de la energ\u00eda c\u00f3smica que extrae al consumir planetas. Esta necesidad lo ha llevado a ser conocido como el Devorador de Mundos.<br \/>\n Poderes C\u00f3smicos: Posee habilidades c\u00f3smicas que le permiten manipular la materia y la energ\u00eda a una escala gal\u00e1ctica, as\u00ed como proyectar energ\u00eda devastadora.<br \/>\n Armamento y Defensas: A menudo lleva una armadura y dispositivos tecnol\u00f3gicos avanzados que le proporcionan protecci\u00f3n adicional y amplifican su ya impresionante poder.<\/p>\n","protected":false},"excerpt":{"rendered":"<p>Galactus es uno de los seres c\u00f3smicos m\u00e1s poderosos y emblem\u00e1ticos del universo Marvel. Aqu\u00ed tienes una descripci\u00f3n detallada:<\/p>\n<p> Galactus<br \/>\n Alias: Devorador de Mundos, El Devorador<br \/>\n Origen: Universo Marvel<br \/>\n Funci\u00f3n Principal: Ser c\u00f3smico y antagonista en algunas historias<\/p>\n","protected":false},"featured_media":11718,"comment_status":"open","ping_status":"closed","template":"","meta":[],"product_cat":[],"product_tag":[],"acf":[],"_links":{"self":[{"href":"https:\/\/jbtoyscollector.com\/index.php?rest_route=\/wp\/v2\/product\/11619"}],"collection":[{"href":"https:\/\/jbtoyscollector.com\/index.php?rest_route=\/wp\/v2\/product"}],"about":[{"href":"https:\/\/jbtoyscollector.com\/index.php?rest_route=\/wp\/v2\/types\/product"}],"replies":[{"embeddable":true,"href":"https:\/\/jbtoyscollector.com\/index.php?rest_route=%2Fwp%2Fv2%2Fcomments&post=11619"}],"wp:featuredmedia":[{"embeddable":true,"href":"https:\/\/jbtoyscollector.com\/index.php?rest_route=\/wp\/v2\/media\/11718"}],"wp:attachment":[{"href":"https:\/\/jbtoyscollector.com\/index.php?rest_route=%2Fwp%2Fv2%2Fmedia&parent=11619"}],"wp:term":[{"taxonomy":"product_cat","embeddable":true,"href":"https:\/\/jbtoyscollector.com\/index.php?rest_route=%2Fwp%2Fv2%2Fproduct_cat&post=11619"},{"taxonomy":"product_tag","embeddable":true,"href":"https:\/\/jbtoyscollector.com\/index.php?rest_route=%2Fwp%2Fv2%2Fproduct_tag&post=11619"}],"curies":[{"name":"wp","href":"https:\/\/api.w.org\/{rel}","templated":true}]}}