{"id":11617,"date":"2024-07-01T20:48:35","date_gmt":"2024-07-01T18:48:35","guid":{"rendered":"https:\/\/jbtoyscollector.com\/?product=dragon-ball-super-dragon-star-omega-shenron"},"modified":"2024-07-01T22:44:08","modified_gmt":"2024-07-01T20:44:08","slug":"dragon-ball-super-dragon-star-omega-shenron","status":"publish","type":"product","link":"https:\/\/jbtoyscollector.com\/?product=dragon-ball-super-dragon-star-omega-shenron","title":{"rendered":"Dragon Ball Super Dragon Star Omega Shenron"},"content":{"rendered":"<p>Caracter\u00edsticas y Habilidades<br \/>\n Origen y Creaci\u00f3n: Omega Shenron es la forma definitiva de los Dragones Oscuros, surgiendo como resultado de la corrupci\u00f3n de las Esferas del Drag\u00f3n por las malas intenciones de la humanidad a lo largo de los a\u00f1os.<br \/>\n Poder Descomunal: Es conocido por ser uno de los enemigos m\u00e1s poderosos en la historia de &#8220;Dragon Ball&#8221;. Omega Shenron posee una incre\u00edble fuerza, velocidad y habilidades de combate, que lo colocan muy por encima de cualquier oponente anterior en la serie.<br \/>\n Manipulaci\u00f3n de Energ\u00eda: Tiene la capacidad de controlar y manipular energ\u00eda oscura y elementos naturales como el fuego y el hielo, utilizando estos poderes en sus ataques contra Goku y los dem\u00e1s.<br \/>\n Formas de Combate: Omega Shenron tiene la capacidad de transformarse y evolucionar durante la batalla, aumentando su poder y adapt\u00e1ndose a las estrategias de sus adversarios.<br \/>\n Historia y Participaci\u00f3n<br \/>\n Omega Shenron es presentado como el antagonista final de &#8220;Dragon Ball GT&#8221;, emergiendo despu\u00e9s de que las Esferas del Drag\u00f3n se transforman en los siete Dragones Oscuros tras la dispersi\u00f3n de las mismas por el espacio. Su objetivo es consumir toda la energ\u00eda vital del universo y convertirse en el ser m\u00e1s poderoso y dominante de todos los tiempos.<\/p>\n","protected":false},"excerpt":{"rendered":"<p>Omega Shenron es un personaje central en la serie &#8220;Dragon Ball GT&#8221;, siendo el antagonista final y una de las amenazas m\u00e1s poderosas a las que se enfrentan Goku y sus amigos. Aqu\u00ed tienes una descripci\u00f3n detallada:<\/p>\n<p> Omega Shenron<br \/>\n Origen: Dragon Ball GT<br \/>\n Afiliaci\u00f3n: Dragones Oscuros<br \/>\n Funci\u00f3n Principal: Antagonista final de &#8220;Dragon Ball GT&#8221;<\/p>\n","protected":false},"featured_media":11716,"comment_status":"open","ping_status":"closed","template":"","meta":[],"product_cat":[],"product_tag":[],"acf":[],"_links":{"self":[{"href":"https:\/\/jbtoyscollector.com\/index.php?rest_route=\/wp\/v2\/product\/11617"}],"collection":[{"href":"https:\/\/jbtoyscollector.com\/index.php?rest_route=\/wp\/v2\/product"}],"about":[{"href":"https:\/\/jbtoyscollector.com\/index.php?rest_route=\/wp\/v2\/types\/product"}],"replies":[{"embeddable":true,"href":"https:\/\/jbtoyscollector.com\/index.php?rest_route=%2Fwp%2Fv2%2Fcomments&post=11617"}],"wp:featuredmedia":[{"embeddable":true,"href":"https:\/\/jbtoyscollector.com\/index.php?rest_route=\/wp\/v2\/media\/11716"}],"wp:attachment":[{"href":"https:\/\/jbtoyscollector.com\/index.php?rest_route=%2Fwp%2Fv2%2Fmedia&parent=11617"}],"wp:term":[{"taxonomy":"product_cat","embeddable":true,"href":"https:\/\/jbtoyscollector.com\/index.php?rest_route=%2Fwp%2Fv2%2Fproduct_cat&post=11617"},{"taxonomy":"product_tag","embeddable":true,"href":"https:\/\/jbtoyscollector.com\/index.php?rest_route=%2Fwp%2Fv2%2Fproduct_tag&post=11617"}],"curies":[{"name":"wp","href":"https:\/\/api.w.org\/{rel}","templated":true}]}}