{"id":11616,"date":"2024-07-01T20:48:35","date_gmt":"2024-07-01T18:48:35","guid":{"rendered":"https:\/\/jbtoyscollector.com\/?product=dragon-ball-super-dragon-stars-super-baby-2-action-figure"},"modified":"2024-07-01T22:44:08","modified_gmt":"2024-07-01T20:44:08","slug":"dragon-ball-super-dragon-stars-super-baby-2-action-figure","status":"publish","type":"product","link":"https:\/\/jbtoyscollector.com\/?product=dragon-ball-super-dragon-stars-super-baby-2-action-figure","title":{"rendered":"Dragon Ball Super Dragon Stars Super Baby 2 Action Figure"},"content":{"rendered":"<p>Historia y Participaci\u00f3n<br \/>\n Baby es introducido en &#8220;Dragon Ball GT&#8221; como uno de los principales antagonistas despu\u00e9s de que los dragones malignos son liberados por accidente. Se revela que ha estado manipulando eventos desde las sombras para cumplir su venganza contra los Saiyanos, y su b\u00fasqueda de poder lo lleva a enfrentarse no solo contra Goku y sus amigos, sino tambi\u00e9n contra otros h\u00e9roes del universo.<\/p>\n","protected":false},"excerpt":{"rendered":"<p>Baby (Dragon Ball GT)<br \/>\n Origen: Tuffle<br \/>\n Afiliaci\u00f3n: Tuffle Parasitario<br \/>\n Funci\u00f3n Principal: Villano principal y antagonista de &#8220;Dragon Ball GT&#8221;<\/p>\n<p> Caracter\u00edsticas y Habilidades<br \/>\n Origen y Motivaci\u00f3n: Baby es un Tuffle parasitario que sobrevivi\u00f3 a la destrucci\u00f3n de su raza a manos de los Saiyanos. Su objetivo principal es vengarse de los Saiyanos, especialmente de Goku, por la destrucci\u00f3n de su planeta y su gente.<br \/>\n Habilidad de Parasitar: Baby tiene la habilidad de controlar y poseer a otros seres, lo que le permite tomar el control de cuerpos tanto de humanos como de otros alien\u00edgenas para usarlos en su beneficio.<br \/>\n Poderes y Habilidades: Posee una gran fuerza f\u00edsica, velocidad y habilidades de combate mejoradas. Tambi\u00e9n tiene la capacidad de aumentar su poder al absorber energ\u00eda de otros seres vivos.<br \/>\n Transformaciones: A lo largo de la serie, Baby experimenta varias transformaciones que aumentan su poder y cambian su apariencia f\u00edsica, convirti\u00e9ndolo en una amenaza cada vez mayor para los h\u00e9roes de &#8220;Dragon Ball GT&#8221;.<\/p>\n","protected":false},"featured_media":11715,"comment_status":"open","ping_status":"closed","template":"","meta":[],"product_cat":[],"product_tag":[],"acf":[],"_links":{"self":[{"href":"https:\/\/jbtoyscollector.com\/index.php?rest_route=\/wp\/v2\/product\/11616"}],"collection":[{"href":"https:\/\/jbtoyscollector.com\/index.php?rest_route=\/wp\/v2\/product"}],"about":[{"href":"https:\/\/jbtoyscollector.com\/index.php?rest_route=\/wp\/v2\/types\/product"}],"replies":[{"embeddable":true,"href":"https:\/\/jbtoyscollector.com\/index.php?rest_route=%2Fwp%2Fv2%2Fcomments&post=11616"}],"wp:featuredmedia":[{"embeddable":true,"href":"https:\/\/jbtoyscollector.com\/index.php?rest_route=\/wp\/v2\/media\/11715"}],"wp:attachment":[{"href":"https:\/\/jbtoyscollector.com\/index.php?rest_route=%2Fwp%2Fv2%2Fmedia&parent=11616"}],"wp:term":[{"taxonomy":"product_cat","embeddable":true,"href":"https:\/\/jbtoyscollector.com\/index.php?rest_route=%2Fwp%2Fv2%2Fproduct_cat&post=11616"},{"taxonomy":"product_tag","embeddable":true,"href":"https:\/\/jbtoyscollector.com\/index.php?rest_route=%2Fwp%2Fv2%2Fproduct_tag&post=11616"}],"curies":[{"name":"wp","href":"https:\/\/api.w.org\/{rel}","templated":true}]}}