{"id":11615,"date":"2024-07-01T20:48:34","date_gmt":"2024-07-01T18:48:34","guid":{"rendered":"https:\/\/jbtoyscollector.com\/?product=masters-of-the-universe-origins-turtles-of-grayskull-shredder"},"modified":"2025-10-13T08:46:34","modified_gmt":"2025-10-13T06:46:34","slug":"masters-of-the-universe-origins-turtles-of-grayskull-shredder","status":"publish","type":"product","link":"https:\/\/jbtoyscollector.com\/?product=masters-of-the-universe-origins-turtles-of-grayskull-shredder","title":{"rendered":"Masters of the Universe: Origins Turtles of Grayskull Shredder"},"content":{"rendered":"<p>Caracter\u00edsticas y Habilidades<br \/>\n Maestro del Ninjutsu: Shredder es un experto en ninjutsu, con habilidades superiores en combate cuerpo a cuerpo, estrategia t\u00e1ctica y manejo de armas tradicionales japonesas como las katanas.<br \/>\n Inteligencia y Astucia: Es extremadamente inteligente y astuto, capaz de planificar y ejecutar planes complejos para lograr sus objetivos de dominaci\u00f3n y control.<br \/>\n Armadura y Armamento: Lleva una armadura especialmente dise\u00f1ada con cuchillas afiladas, que le dan su apariencia caracter\u00edstica de &#8220;Destructor&#8221;. Esta armadura no solo le proporciona protecci\u00f3n, sino tambi\u00e9n una ventaja letal en combate.<br \/>\n Liderazgo del Foot Clan: Como l\u00edder del Foot Clan, comanda una vasta organizaci\u00f3n criminal con recursos ilimitados y una red de seguidores leales.<\/p>\n","protected":false},"excerpt":{"rendered":"<p>Shredder (El Destructor) &#8211; Teenage Mutant Ninja Turtles<br \/>\n Nombre Real: Oroku Saki<br \/>\n Alias: Shredder<br \/>\n Afiliaci\u00f3n: Foot Clan (Clan del Pie)<br \/>\n Funci\u00f3n Principal: L\u00edder Villano y Arquienemigo de las Tortugas Ninja<\/p>\n","protected":false},"featured_media":11714,"comment_status":"open","ping_status":"closed","template":"","meta":[],"product_cat":[],"product_tag":[],"acf":[],"_links":{"self":[{"href":"https:\/\/jbtoyscollector.com\/index.php?rest_route=\/wp\/v2\/product\/11615"}],"collection":[{"href":"https:\/\/jbtoyscollector.com\/index.php?rest_route=\/wp\/v2\/product"}],"about":[{"href":"https:\/\/jbtoyscollector.com\/index.php?rest_route=\/wp\/v2\/types\/product"}],"replies":[{"embeddable":true,"href":"https:\/\/jbtoyscollector.com\/index.php?rest_route=%2Fwp%2Fv2%2Fcomments&post=11615"}],"wp:featuredmedia":[{"embeddable":true,"href":"https:\/\/jbtoyscollector.com\/index.php?rest_route=\/wp\/v2\/media\/11714"}],"wp:attachment":[{"href":"https:\/\/jbtoyscollector.com\/index.php?rest_route=%2Fwp%2Fv2%2Fmedia&parent=11615"}],"wp:term":[{"taxonomy":"product_cat","embeddable":true,"href":"https:\/\/jbtoyscollector.com\/index.php?rest_route=%2Fwp%2Fv2%2Fproduct_cat&post=11615"},{"taxonomy":"product_tag","embeddable":true,"href":"https:\/\/jbtoyscollector.com\/index.php?rest_route=%2Fwp%2Fv2%2Fproduct_tag&post=11615"}],"curies":[{"name":"wp","href":"https:\/\/api.w.org\/{rel}","templated":true}]}}