{"id":11613,"date":"2024-07-01T20:48:34","date_gmt":"2024-07-01T18:48:34","guid":{"rendered":"https:\/\/jbtoyscollector.com\/?product=masters-of-the-universe-origins-trap-jaw-cartoon-collection"},"modified":"2024-07-01T22:44:07","modified_gmt":"2024-07-01T20:44:07","slug":"masters-of-the-universe-origins-trap-jaw-cartoon-collection","status":"publish","type":"product","link":"https:\/\/jbtoyscollector.com\/?product=masters-of-the-universe-origins-trap-jaw-cartoon-collection","title":{"rendered":"Masters of the Universe: Origins Trap-Jaw (Cartoon Collection)"},"content":{"rendered":"<p>Caracter\u00edsticas y Habilidades<br \/>\n Implantes Cibern\u00e9ticos: Trap Jaw es conocido por su cuerpo cibern\u00e9tico mejorado, que le otorga varias habilidades especiales. Estos incluyen un brazo reemplazable con una garra mec\u00e1nica, una mand\u00edbula met\u00e1lica con dientes afilados y otras partes mec\u00e1nicas que le dan resistencia y fuerza adicionales.<br \/>\n Maestro Herrero: Es un experto en armamento y herramientas, capaz de crear y reparar armas y dispositivos para los Evil Warriors.<br \/>\n Agresividad y Habilidad en Combate: Trap Jaw es extremadamente agresivo y h\u00e1bil en el combate, utilizando sus implantes cibern\u00e9ticos para aplastar a sus enemigos y causar estragos en el campo de batalla.<\/p>\n","protected":false},"excerpt":{"rendered":"<p>Trap Jaw es un personaje ic\u00f3nico dentro del universo de Masters of the Universe (MOTU), conocido por su aspecto distintivo y sus habilidades mec\u00e1nicas mejoradas. Aqu\u00ed tienes una descripci\u00f3n detallada:<\/p>\n<p> Trap Jaw (Masters of the Universe)<br \/>\n Nombre Real: Kronis<br \/>\n Afiliaci\u00f3n: Evil Warriors (Fuerzas del Mal)<br \/>\n Funci\u00f3n Principal: Soldado y Herrero de Batalla<\/p>\n","protected":false},"featured_media":11712,"comment_status":"open","ping_status":"closed","template":"","meta":[],"product_cat":[],"product_tag":[],"acf":[],"_links":{"self":[{"href":"https:\/\/jbtoyscollector.com\/index.php?rest_route=\/wp\/v2\/product\/11613"}],"collection":[{"href":"https:\/\/jbtoyscollector.com\/index.php?rest_route=\/wp\/v2\/product"}],"about":[{"href":"https:\/\/jbtoyscollector.com\/index.php?rest_route=\/wp\/v2\/types\/product"}],"replies":[{"embeddable":true,"href":"https:\/\/jbtoyscollector.com\/index.php?rest_route=%2Fwp%2Fv2%2Fcomments&post=11613"}],"wp:featuredmedia":[{"embeddable":true,"href":"https:\/\/jbtoyscollector.com\/index.php?rest_route=\/wp\/v2\/media\/11712"}],"wp:attachment":[{"href":"https:\/\/jbtoyscollector.com\/index.php?rest_route=%2Fwp%2Fv2%2Fmedia&parent=11613"}],"wp:term":[{"taxonomy":"product_cat","embeddable":true,"href":"https:\/\/jbtoyscollector.com\/index.php?rest_route=%2Fwp%2Fv2%2Fproduct_cat&post=11613"},{"taxonomy":"product_tag","embeddable":true,"href":"https:\/\/jbtoyscollector.com\/index.php?rest_route=%2Fwp%2Fv2%2Fproduct_tag&post=11613"}],"curies":[{"name":"wp","href":"https:\/\/api.w.org\/{rel}","templated":true}]}}