{"id":11607,"date":"2024-07-01T20:48:29","date_gmt":"2024-07-01T18:48:29","guid":{"rendered":"https:\/\/jbtoyscollector.com\/?product=spider-man-2-marvel-legends-deluxe-doc-ock"},"modified":"2024-07-01T22:44:04","modified_gmt":"2024-07-01T20:44:04","slug":"spider-man-2-marvel-legends-deluxe-doc-ock","status":"publish","type":"product","link":"https:\/\/jbtoyscollector.com\/?product=spider-man-2-marvel-legends-deluxe-doc-ock","title":{"rendered":"Spider-Man 2 Marvel Legends Deluxe Doc Ock"},"content":{"rendered":"<p>Conflictos con Spider-Man<br \/>\n Doctor Octopus ha sido un adversario recurrente de Spider-Man a lo largo de los a\u00f1os. Sus enfrentamientos suelen ser intensos y personales, con Otto a menudo tratando de demostrar su superioridad intelectual sobre el h\u00e9roe.<\/p>\n<p> The Sinister Six: Doc Ock es el fundador de los Seis Siniestros, un grupo de supervillanos que se unen con el objetivo de derrotar a Spider-Man.<br \/>\n Superior Spider-Man: Uno de los arcos argumentales m\u00e1s notables es &#8220;Superior Spider-Man&#8221;, donde Otto Octavius intercambia cuerpos con Peter Parker. Durante este tiempo, Otto intenta ser un mejor Spider-Man y h\u00e9roe, utilizando sus propias metodolog\u00edas y, en el proceso, experimentando un crecimiento personal y una perspectiva diferente sobre el hero\u00edsmo.<\/p>\n","protected":false},"excerpt":{"rendered":"<p>Doctor Octopus es uno de los villanos m\u00e1s ic\u00f3nicos y complejos del universo de Spider-Man. Su combinaci\u00f3n de brillantez cient\u00edfica y villan\u00eda ha hecho de \u00e9l un personaje fascinante y multifac\u00e9tico. La evoluci\u00f3n de su personaje, especialmente en historias como &#8220;Superior Spider-Man&#8221;, ha a\u00f1adido profundidad a su figura, mostrando que incluso los villanos pueden tener capas de redenci\u00f3n y conflicto interno. Su impacto en la cultura popular sigue siendo significativo, manteni\u00e9ndolo como uno de los antagonistas m\u00e1s reconocidos y formidables en el mundo de los c\u00f3mics.<\/p>\n","protected":false},"featured_media":0,"comment_status":"open","ping_status":"closed","template":"","meta":[],"product_cat":[],"product_tag":[],"acf":[],"_links":{"self":[{"href":"https:\/\/jbtoyscollector.com\/index.php?rest_route=\/wp\/v2\/product\/11607"}],"collection":[{"href":"https:\/\/jbtoyscollector.com\/index.php?rest_route=\/wp\/v2\/product"}],"about":[{"href":"https:\/\/jbtoyscollector.com\/index.php?rest_route=\/wp\/v2\/types\/product"}],"replies":[{"embeddable":true,"href":"https:\/\/jbtoyscollector.com\/index.php?rest_route=%2Fwp%2Fv2%2Fcomments&post=11607"}],"wp:attachment":[{"href":"https:\/\/jbtoyscollector.com\/index.php?rest_route=%2Fwp%2Fv2%2Fmedia&parent=11607"}],"wp:term":[{"taxonomy":"product_cat","embeddable":true,"href":"https:\/\/jbtoyscollector.com\/index.php?rest_route=%2Fwp%2Fv2%2Fproduct_cat&post=11607"},{"taxonomy":"product_tag","embeddable":true,"href":"https:\/\/jbtoyscollector.com\/index.php?rest_route=%2Fwp%2Fv2%2Fproduct_tag&post=11607"}],"curies":[{"name":"wp","href":"https:\/\/api.w.org\/{rel}","templated":true}]}}