{"id":11604,"date":"2024-07-01T20:48:28","date_gmt":"2024-07-01T18:48:28","guid":{"rendered":"https:\/\/jbtoyscollector.com\/?product=spider-man-marvel-legends-mary-jane-green-goblin"},"modified":"2024-07-01T22:44:03","modified_gmt":"2024-07-01T20:44:03","slug":"spider-man-marvel-legends-mary-jane-green-goblin","status":"publish","type":"product","link":"https:\/\/jbtoyscollector.com\/?product=spider-man-marvel-legends-mary-jane-green-goblin","title":{"rendered":"Spider-Man Marvel Legends Mary Jane &#038; Green Goblin"},"content":{"rendered":"<p>Relaci\u00f3n con Peter Parker<br \/>\n Mary Jane es mejor conocida por su relaci\u00f3n rom\u00e1ntica con Peter Parker (Spider-Man). Aunque inicialmente Peter ten\u00eda una relaci\u00f3n con Gwen Stacy, MJ eventualmente se convirti\u00f3 en su principal inter\u00e9s amoroso. Su relaci\u00f3n ha tenido altibajos, pero MJ siempre ha sido un pilar de apoyo para Peter.<\/p>\n<p> Matrimonio: Peter y MJ se casaron en &#8220;The Amazing Spider-Man Annual&#8221; #21 en 1987. Sin embargo, debido a varios eventos en los c\u00f3mics, su matrimonio fue deshecho m\u00e1gicamente por Mephisto en la historia &#8220;One More Day&#8221;.<br \/>\n Comprensi\u00f3n de la Doble Vida: MJ es una de las pocas personas que conoce la identidad secreta de Peter como Spider-Man, y esto ha jugado un papel crucial en su relaci\u00f3n y en su apoyo a Peter.<\/p>\n","protected":false},"excerpt":{"rendered":"<p>El Green Goblin (Duende Verde en espa\u00f1ol) es uno de los villanos m\u00e1s ic\u00f3nicos y persistentes del universo de Marvel Comics, especialmente en las historias de Spider-Man. Fue creado por el escritor Stan Lee y el artista Steve Ditko, y debut\u00f3 en &#8220;The Amazing Spider-Man&#8221; #14 en 1964. La identidad m\u00e1s conocida del Green Goblin es Norman Osborn, aunque otros personajes, incluido su hijo Harry Osborn, tambi\u00e9n han asumido este rol.<\/p>\n<p> Caracter\u00edsticas y Habilidades<br \/>\n Fuerza Sobrehumana: Gracias a un suero experimental, Norman Osborn posee una fuerza, velocidad, resistencia y agilidad aumentadas, similares a las de Spider-Man.<br \/>\n Intelecto Genial: Osborn es un brillante cient\u00edfico y empresario con un alto coeficiente intelectual, lo que le permite crear tecnolog\u00eda avanzada y planes elaborados.<br \/>\n Armas y Equipos: El Green Goblin usa una variedad de armas y equipos, incluyendo:<br \/>\n Glider Goblin: Un planeador personal en forma de murci\u00e9lago que le permite volar y maniobrar r\u00e1pidamente.<br \/>\n Calabazas Explosivas: Granadas con forma de calabazas que pueden explotar, liberar gas venenoso o producir otros efectos.<br \/>\n Guanteletes con Cuchillas: Guantes equipados con cuchillas afiladas y otros gadgets.<\/p>\n","protected":false},"featured_media":11704,"comment_status":"open","ping_status":"closed","template":"","meta":[],"product_cat":[],"product_tag":[],"acf":[],"_links":{"self":[{"href":"https:\/\/jbtoyscollector.com\/index.php?rest_route=\/wp\/v2\/product\/11604"}],"collection":[{"href":"https:\/\/jbtoyscollector.com\/index.php?rest_route=\/wp\/v2\/product"}],"about":[{"href":"https:\/\/jbtoyscollector.com\/index.php?rest_route=\/wp\/v2\/types\/product"}],"replies":[{"embeddable":true,"href":"https:\/\/jbtoyscollector.com\/index.php?rest_route=%2Fwp%2Fv2%2Fcomments&post=11604"}],"wp:featuredmedia":[{"embeddable":true,"href":"https:\/\/jbtoyscollector.com\/index.php?rest_route=\/wp\/v2\/media\/11704"}],"wp:attachment":[{"href":"https:\/\/jbtoyscollector.com\/index.php?rest_route=%2Fwp%2Fv2%2Fmedia&parent=11604"}],"wp:term":[{"taxonomy":"product_cat","embeddable":true,"href":"https:\/\/jbtoyscollector.com\/index.php?rest_route=%2Fwp%2Fv2%2Fproduct_cat&post=11604"},{"taxonomy":"product_tag","embeddable":true,"href":"https:\/\/jbtoyscollector.com\/index.php?rest_route=%2Fwp%2Fv2%2Fproduct_tag&post=11604"}],"curies":[{"name":"wp","href":"https:\/\/api.w.org\/{rel}","templated":true}]}}