{"id":11602,"date":"2024-07-01T20:48:27","date_gmt":"2024-07-01T18:48:27","guid":{"rendered":"https:\/\/jbtoyscollector.com\/?product=the-uncanny-x-men-marvel-legends-marvels-angel"},"modified":"2024-07-01T22:44:03","modified_gmt":"2024-07-01T20:44:03","slug":"the-uncanny-x-men-marvel-legends-marvels-angel","status":"publish","type":"product","link":"https:\/\/jbtoyscollector.com\/?product=the-uncanny-x-men-marvel-legends-marvels-angel","title":{"rendered":"The Uncanny X-Men Marvel Legends Marvel&#8217;s Angel"},"content":{"rendered":"<p>Or\u00edgenes<br \/>\n Warren Worthington III naci\u00f3 en una familia rica y prominente. Sus poderes mutantes se manifestaron durante su adolescencia cuando sus alas comenzaron a crecer, lo que lo llev\u00f3 a sentirse aislado y diferente. A pesar de sus inseguridades iniciales, Warren adopt\u00f3 la identidad de Angel y se uni\u00f3 a los X-Men para usar sus habilidades en la lucha contra el mal y en la defensa de los derechos mutantes.<\/p>\n<p> Transformaci\u00f3n en Arc\u00e1ngel<br \/>\n Uno de los desarrollos m\u00e1s significativos en la historia de Angel es su transformaci\u00f3n en Arc\u00e1ngel. Durante la saga de &#8220;Apocalypse: The Twelve&#8221;, Warren fue capturado por el villano Apocalipsis y transformado en uno de sus Cuatro Jinetes, espec\u00edficamente el Jinete de la Muerte. En este proceso, sus alas naturales fueron reemplazadas por alas met\u00e1licas tecnorg\u00e1nicas que pod\u00edan disparar proyectiles de plumas afiladas. Este cambio no solo afect\u00f3 su apariencia f\u00edsica sino tambi\u00e9n su estado mental, haciendo que luchara con una personalidad m\u00e1s oscura y violenta.<\/p>\n<p> Rol en los X-Men<br \/>\n Como miembro fundador de los X-Men, Angel ha jugado un papel crucial en muchas de sus aventuras. A lo largo de los a\u00f1os, ha evolucionado de ser el joven y rico heredero con alas a un h\u00e9roe complejo con una historia de redenci\u00f3n y lucha interna. Su transformaci\u00f3n en Arc\u00e1ngel y sus batallas contra su lado oscuro han sido puntos importantes de su desarrollo como personaje.<\/p>\n","protected":false},"excerpt":{"rendered":"<p>Angel, cuyo nombre real es Warren Worthington III, es un personaje del universo de Marvel Comics asociado principalmente con los X-Men. Fue creado por el escritor Stan Lee y el dibujante Jack Kirby, y debut\u00f3 en &#8220;X-Men&#8221; #1 en 1963. Como miembro fundador de los X-Men, Angel es un personaje emblem\u00e1tico en la historia de los mutantes de Marvel.<\/p>\n<p> Caracter\u00edsticas y Habilidades<br \/>\n Alas: Warren tiene un par de alas grandes y emplumadas que le permiten volar. Sus alas est\u00e1n completamente desarrolladas y son lo suficientemente fuertes como para permitirle alcanzar grandes alturas y altas velocidades en vuelo.<br \/>\n Curaci\u00f3n: Las alas de Angel tienen un sistema de curaci\u00f3n natural que le permite recuperarse de heridas m\u00e1s r\u00e1pido de lo normal.<br \/>\n Vista Mejorada: Posee una vista aguda que le permite ver a grandes distancias, similar a la de un ave de presa.<\/p>\n","protected":false},"featured_media":0,"comment_status":"open","ping_status":"closed","template":"","meta":[],"product_cat":[],"product_tag":[],"acf":[],"_links":{"self":[{"href":"https:\/\/jbtoyscollector.com\/index.php?rest_route=\/wp\/v2\/product\/11602"}],"collection":[{"href":"https:\/\/jbtoyscollector.com\/index.php?rest_route=\/wp\/v2\/product"}],"about":[{"href":"https:\/\/jbtoyscollector.com\/index.php?rest_route=\/wp\/v2\/types\/product"}],"replies":[{"embeddable":true,"href":"https:\/\/jbtoyscollector.com\/index.php?rest_route=%2Fwp%2Fv2%2Fcomments&post=11602"}],"wp:attachment":[{"href":"https:\/\/jbtoyscollector.com\/index.php?rest_route=%2Fwp%2Fv2%2Fmedia&parent=11602"}],"wp:term":[{"taxonomy":"product_cat","embeddable":true,"href":"https:\/\/jbtoyscollector.com\/index.php?rest_route=%2Fwp%2Fv2%2Fproduct_cat&post=11602"},{"taxonomy":"product_tag","embeddable":true,"href":"https:\/\/jbtoyscollector.com\/index.php?rest_route=%2Fwp%2Fv2%2Fproduct_tag&post=11602"}],"curies":[{"name":"wp","href":"https:\/\/api.w.org\/{rel}","templated":true}]}}