{"id":11601,"date":"2024-07-01T20:48:27","date_gmt":"2024-07-01T18:48:27","guid":{"rendered":"https:\/\/jbtoyscollector.com\/?product=wolverine-50th-anniversary-marvel-legends-wolverine-and-psylocke-two-pack"},"modified":"2024-07-01T22:44:02","modified_gmt":"2024-07-01T20:44:02","slug":"wolverine-50th-anniversary-marvel-legends-wolverine-and-psylocke-two-pack","status":"publish","type":"product","link":"https:\/\/jbtoyscollector.com\/?product=wolverine-50th-anniversary-marvel-legends-wolverine-and-psylocke-two-pack","title":{"rendered":"Wolverine 50th Anniversary Marvel Legends Wolverine and Psylocke Two-Pack"},"content":{"rendered":"<p>Psylocke es un personaje del universo de Marvel Comics, asociada principalmente con los X-Men. Creada por el escritor Chris Claremont y el artista Herb Trimpe, hizo su debut en &#8220;Captain Britain&#8221; #8 en 1976. Su nombre real es Elizabeth &#8220;Betsy&#8221; Braddock, y es una mutante con una historia rica y compleja.<\/p>\n<p> Caracter\u00edsticas y Habilidades<br \/>\n Telepat\u00eda: Psylocke es una poderosa tel\u00e9pata, capaz de leer mentes, proyectar ilusiones mentales, y comunicarse telep\u00e1ticamente.<br \/>\n Telequinesis: En algunas encarnaciones, tambi\u00e9n ha mostrado habilidades telequin\u00e9ticas, que le permiten mover objetos con su mente y crear armas ps\u00edquicas.<br \/>\n Cuchilla Ps\u00edquica: Una de sus habilidades m\u00e1s ic\u00f3nicas es la creaci\u00f3n de una &#8220;cuchilla ps\u00edquica&#8221; que puede usar para incapacitar a sus enemigos atacando directamente sus mentes.<br \/>\n Habilidades de Combate: Psylocke es una experta en artes marciales y combate cuerpo a cuerpo. Despu\u00e9s de un intercambio de cuerpos con una asesina llamada Kwannon, adquiri\u00f3 habilidades de ninjutsu y una mayor destreza f\u00edsica.<\/p>\n","protected":false},"excerpt":{"rendered":"<p>Wolverine, cuyo nombre real es James Howlett pero conocido com\u00fanmente como Logan, es uno de los superh\u00e9roes m\u00e1s ic\u00f3nicos del universo Marvel Comics. Fue creado por el escritor Len Wein y el director de arte John Romita Sr., con Herb Trimpe como el primer artista en dibujarlo. Wolverine hizo su debut en &#8220;The Incredible Hulk&#8221; #180 en 1974.<\/p>\n<p> Origen y Transformaci\u00f3n<br \/>\n La historia de origen de Wolverine es compleja y est\u00e1 llena de misterios y tragedias. Naci\u00f3 en el siglo XIX en Canad\u00e1, en una familia adinerada bajo el nombre de James Howlett. Tras la muerte de su padre biol\u00f3gico y la revelaci\u00f3n de sus habilidades mutantes, que se manifestaron en forma de garras de hueso y un factor de curaci\u00f3n, James adopta el nombre de Logan.<\/p>\n<p> Apariencia<br \/>\n Wolverine es caracterizado por su apariencia robusta y salvaje. Es de estatura baja pero musculoso, con cabello oscuro y en punta, y a menudo con una barba caracter\u00edstica. Su traje m\u00e1s ic\u00f3nico es amarillo y azul con una m\u00e1scara que tiene orejas puntiagudas, aunque ha tenido varias versiones a lo largo de los a\u00f1os, incluyendo trajes marrones y naranjas y atuendos m\u00e1s modernos y t\u00e1cticos.<\/p>\n","protected":false},"featured_media":11702,"comment_status":"open","ping_status":"closed","template":"","meta":[],"product_cat":[],"product_tag":[],"acf":[],"_links":{"self":[{"href":"https:\/\/jbtoyscollector.com\/index.php?rest_route=\/wp\/v2\/product\/11601"}],"collection":[{"href":"https:\/\/jbtoyscollector.com\/index.php?rest_route=\/wp\/v2\/product"}],"about":[{"href":"https:\/\/jbtoyscollector.com\/index.php?rest_route=\/wp\/v2\/types\/product"}],"replies":[{"embeddable":true,"href":"https:\/\/jbtoyscollector.com\/index.php?rest_route=%2Fwp%2Fv2%2Fcomments&post=11601"}],"wp:featuredmedia":[{"embeddable":true,"href":"https:\/\/jbtoyscollector.com\/index.php?rest_route=\/wp\/v2\/media\/11702"}],"wp:attachment":[{"href":"https:\/\/jbtoyscollector.com\/index.php?rest_route=%2Fwp%2Fv2%2Fmedia&parent=11601"}],"wp:term":[{"taxonomy":"product_cat","embeddable":true,"href":"https:\/\/jbtoyscollector.com\/index.php?rest_route=%2Fwp%2Fv2%2Fproduct_cat&post=11601"},{"taxonomy":"product_tag","embeddable":true,"href":"https:\/\/jbtoyscollector.com\/index.php?rest_route=%2Fwp%2Fv2%2Fproduct_tag&post=11601"}],"curies":[{"name":"wp","href":"https:\/\/api.w.org\/{rel}","templated":true}]}}