{"id":11600,"date":"2024-07-01T20:48:27","date_gmt":"2024-07-01T18:48:27","guid":{"rendered":"https:\/\/jbtoyscollector.com\/?product=wolverine-50th-anniversary-marvel-legends-wolverine-patch-and-joe-fixit"},"modified":"2024-07-01T22:44:02","modified_gmt":"2024-07-01T20:44:02","slug":"wolverine-50th-anniversary-marvel-legends-wolverine-patch-and-joe-fixit","status":"publish","type":"product","link":"https:\/\/jbtoyscollector.com\/?product=wolverine-50th-anniversary-marvel-legends-wolverine-patch-and-joe-fixit","title":{"rendered":"Wolverine 50th Anniversary Marvel Legends Wolverine (Patch) and Joe Fixit"},"content":{"rendered":"<p>Joe Fixit es un alias utilizado por Bruce Banner, tambi\u00e9n conocido como Hulk, en el universo de Marvel Comics. Es una de las personalidades alternativas de Hulk y se distingue por tener una personalidad m\u00e1s astuta y maquiav\u00e9lica en comparaci\u00f3n con la personalidad tradicional de Hulk.<\/p>\n<p> Or\u00edgenes y Caracter\u00edsticas<br \/>\n Joe Fixit apareci\u00f3 por primera vez en &#8220;The Incredible Hulk&#8221; #347 en 1988. En esta encarnaci\u00f3n, Hulk se transforma en una forma gris m\u00e1s baja y musculosa, conocida como &#8220;Gray Hulk&#8221;, en lugar de la cl\u00e1sica forma verde. Adem\u00e1s del cambio de apariencia f\u00edsica, Joe Fixit tiene una personalidad completamente diferente a la de Hulk.<\/p>\n","protected":false},"excerpt":{"rendered":"<p>Wolverine, cuyo nombre real es James Howlett pero conocido com\u00fanmente como Logan, es uno de los superh\u00e9roes m\u00e1s ic\u00f3nicos del universo Marvel Comics. Fue creado por el escritor Len Wein y el director de arte John Romita Sr., con Herb Trimpe como el primer artista en dibujarlo. Wolverine hizo su debut en &#8220;The Incredible Hulk&#8221; #180 en 1974.<\/p>\n<p> Origen y Transformaci\u00f3n<br \/>\n La historia de origen de Wolverine es compleja y est\u00e1 llena de misterios y tragedias. Naci\u00f3 en el siglo XIX en Canad\u00e1, en una familia adinerada bajo el nombre de James Howlett. Tras la muerte de su padre biol\u00f3gico y la revelaci\u00f3n de sus habilidades mutantes, que se manifestaron en forma de garras de hueso y un factor de curaci\u00f3n, James adopta el nombre de Logan.<\/p>\n<p> Apariencia<br \/>\n Wolverine es caracterizado por su apariencia robusta y salvaje. Es de estatura baja pero musculoso, con cabello oscuro y en punta, y a menudo con una barba caracter\u00edstica. Su traje m\u00e1s ic\u00f3nico es amarillo y azul con una m\u00e1scara que tiene orejas puntiagudas, aunque ha tenido varias versiones a lo largo de los a\u00f1os, incluyendo trajes marrones y naranjas y atuendos m\u00e1s modernos y t\u00e1cticos.<\/p>\n","protected":false},"featured_media":11701,"comment_status":"open","ping_status":"closed","template":"","meta":[],"product_cat":[],"product_tag":[],"acf":[],"_links":{"self":[{"href":"https:\/\/jbtoyscollector.com\/index.php?rest_route=\/wp\/v2\/product\/11600"}],"collection":[{"href":"https:\/\/jbtoyscollector.com\/index.php?rest_route=\/wp\/v2\/product"}],"about":[{"href":"https:\/\/jbtoyscollector.com\/index.php?rest_route=\/wp\/v2\/types\/product"}],"replies":[{"embeddable":true,"href":"https:\/\/jbtoyscollector.com\/index.php?rest_route=%2Fwp%2Fv2%2Fcomments&post=11600"}],"wp:featuredmedia":[{"embeddable":true,"href":"https:\/\/jbtoyscollector.com\/index.php?rest_route=\/wp\/v2\/media\/11701"}],"wp:attachment":[{"href":"https:\/\/jbtoyscollector.com\/index.php?rest_route=%2Fwp%2Fv2%2Fmedia&parent=11600"}],"wp:term":[{"taxonomy":"product_cat","embeddable":true,"href":"https:\/\/jbtoyscollector.com\/index.php?rest_route=%2Fwp%2Fv2%2Fproduct_cat&post=11600"},{"taxonomy":"product_tag","embeddable":true,"href":"https:\/\/jbtoyscollector.com\/index.php?rest_route=%2Fwp%2Fv2%2Fproduct_tag&post=11600"}],"curies":[{"name":"wp","href":"https:\/\/api.w.org\/{rel}","templated":true}]}}