{"id":11597,"date":"2024-07-01T20:48:26","date_gmt":"2024-07-01T18:48:26","guid":{"rendered":"https:\/\/jbtoyscollector.com\/?product=marvel-comics-80th-anniversary-marvel-legends-deadpool"},"modified":"2024-07-01T22:44:01","modified_gmt":"2024-07-01T20:44:01","slug":"marvel-comics-80th-anniversary-marvel-legends-deadpool","status":"publish","type":"product","link":"https:\/\/jbtoyscollector.com\/?product=marvel-comics-80th-anniversary-marvel-legends-deadpool","title":{"rendered":"Marvel Comics 80th Anniversary Marvel Legends Deadpool"},"content":{"rendered":"<p>Wade Wilson era un mercenario con habilidades de combate excepcionales, pero su vida cambi\u00f3 dr\u00e1sticamente cuando fue diagnosticado con c\u00e1ncer terminal. En un intento desesperado por curarse, se someti\u00f3 a un programa experimental del gobierno conocido como Arma X, el mismo programa que cre\u00f3 a Wolverine. Este proceso le otorg\u00f3 poderes regenerativos, curando su c\u00e1ncer pero dej\u00e1ndolo desfigurado y mentalmente inestable.<\/p>\n<p> Personalidad y Habilidades<br \/>\n Deadpool es conocido por su personalidad ca\u00f3tica y su sentido del humor irreverente. A menudo rompe la cuarta pared, dirigi\u00e9ndose directamente al lector y comentando sobre los eventos que ocurren en los c\u00f3mics. Esto le da una sensaci\u00f3n de autoconciencia \u00fanica y lo distingue de otros personajes de c\u00f3mics.<\/p>\n<p> Sus poderes regenerativos lo hacen virtualmente inmortal y le permiten curarse de casi cualquier lesi\u00f3n, por lo que es extremadamente dif\u00edcil de matar. Tambi\u00e9n es un experto en combate cuerpo a cuerpo, con habilidades en el uso de una variedad de armas y t\u00e1cticas de combate.<\/p>\n<p> Apariciones en Medios<br \/>\n Deadpool ha aparecido en numerosas series de c\u00f3mics y ha sido protagonista de varias series en solitario. Tambi\u00e9n ha aparecido en videojuegos, pel\u00edculas y programas de televisi\u00f3n. La adaptaci\u00f3n cinematogr\u00e1fica de Deadpool, protagonizada por Ryan Reynolds, ha sido especialmente exitosa y ha ayudado a popularizar al personaje entre un p\u00fablico m\u00e1s amplio.<\/p>\n","protected":false},"excerpt":{"rendered":"<p>Deadpool es un personaje ficticio de Marvel Comics creado por el escritor Fabian Nicieza y el dibujante\/escritor Rob Liefeld. Deadpool hizo su primera aparici\u00f3n en &#8220;The New Mutants&#8221; #98 en 1991. Tambi\u00e9n conocido como Wade Wilson, Deadpool es conocido por su personalidad irreverente, su habilidad para romper la cuarta pared y su tendencia a hacer comentarios humor\u00edsticos y sarc\u00e1sticos incluso en medio del peligro.<\/p>\n","protected":false},"featured_media":11698,"comment_status":"open","ping_status":"closed","template":"","meta":[],"product_cat":[],"product_tag":[],"acf":[],"_links":{"self":[{"href":"https:\/\/jbtoyscollector.com\/index.php?rest_route=\/wp\/v2\/product\/11597"}],"collection":[{"href":"https:\/\/jbtoyscollector.com\/index.php?rest_route=\/wp\/v2\/product"}],"about":[{"href":"https:\/\/jbtoyscollector.com\/index.php?rest_route=\/wp\/v2\/types\/product"}],"replies":[{"embeddable":true,"href":"https:\/\/jbtoyscollector.com\/index.php?rest_route=%2Fwp%2Fv2%2Fcomments&post=11597"}],"wp:featuredmedia":[{"embeddable":true,"href":"https:\/\/jbtoyscollector.com\/index.php?rest_route=\/wp\/v2\/media\/11698"}],"wp:attachment":[{"href":"https:\/\/jbtoyscollector.com\/index.php?rest_route=%2Fwp%2Fv2%2Fmedia&parent=11597"}],"wp:term":[{"taxonomy":"product_cat","embeddable":true,"href":"https:\/\/jbtoyscollector.com\/index.php?rest_route=%2Fwp%2Fv2%2Fproduct_cat&post=11597"},{"taxonomy":"product_tag","embeddable":true,"href":"https:\/\/jbtoyscollector.com\/index.php?rest_route=%2Fwp%2Fv2%2Fproduct_tag&post=11597"}],"curies":[{"name":"wp","href":"https:\/\/api.w.org\/{rel}","templated":true}]}}