{"id":11595,"date":"2024-07-01T20:48:25","date_gmt":"2024-07-01T18:48:25","guid":{"rendered":"https:\/\/jbtoyscollector.com\/?product=astonishing-x-men-marvel-legends-wolverine"},"modified":"2024-07-01T22:44:01","modified_gmt":"2024-07-01T20:44:01","slug":"astonishing-x-men-marvel-legends-wolverine","status":"publish","type":"product","link":"https:\/\/jbtoyscollector.com\/?product=astonishing-x-men-marvel-legends-wolverine","title":{"rendered":"Astonishing X-Men Marvel Legends Wolverine"},"content":{"rendered":"<p>Habilidades y Poderes<br \/>\n Factor de curaci\u00f3n: Una de sus habilidades m\u00e1s prominentes es su capacidad de regenerarse de heridas casi instant\u00e1neamente. Este poder tambi\u00e9n retrasa su envejecimiento, permiti\u00e9ndole vivir mucho m\u00e1s tiempo que un humano normal.<br \/>\n Garras retr\u00e1ctiles: Originalmente de hueso, sus garras fueron recubiertas con adamantium, un metal ficticio indestructible, durante el experimento del proyecto Weapon X. Las garras pueden cortar casi cualquier material.<br \/>\n Sentidos agudizados: Wolverine tiene sentidos sobrehumanos, incluyendo un olfato, vista y o\u00eddo extremadamente desarrollados.<br \/>\n Fuerza, velocidad y reflejos mejorados: Sus capacidades f\u00edsicas est\u00e1n aumentadas, lo que le permite realizar haza\u00f1as sobrehumanas.<br \/>\n Adamantium: Su esqueleto ha sido recubierto con adamantium, lo que lo hace casi indestructible y le proporciona una resistencia extraordinaria.<br \/>\n Personalidad y Caracterizaci\u00f3n<br \/>\n Wolverine es conocido por su personalidad feroz e indomable. Es un solitario por naturaleza, pero tambi\u00e9n es extremadamente leal a sus amigos y compa\u00f1eros de equipo. Su comportamiento rudo y su tendencia a actuar de manera impulsiva a menudo ocultan un profundo sentido de la justicia y un deseo de proteger a los inocentes. A lo largo de su vida, ha enfrentado innumerables tragedias, lo que le ha dado un car\u00e1cter endurecido y un sentido del humor sarc\u00e1stico.<\/p>\n<p> Trayectoria en los C\u00f3mics<br \/>\n Wolverine ha sido miembro de varios equipos de superh\u00e9roes, siendo los m\u00e1s notables los X-Men y los Vengadores. Sus historias en solitario a menudo exploran su pasado misterioso, sus conexiones con otros personajes y su lucha interna con su naturaleza bestial y su intento de redenci\u00f3n.<\/p>\n<p> X-Men: Wolverine es una figura central en muchas de las historias de los X-Men. Sus relaciones con otros miembros del equipo, como Jean Grey, Cyclops, y Profesor X, son fundamentales para el desarrollo de su personaje.<br \/>\n Weapon X: Este arco argumental profundiza en los experimentos que llevaron a la fusi\u00f3n de adamantium con su esqueleto, una de las historias m\u00e1s traum\u00e1ticas y definitorias de su vida.<br \/>\n Old Man Logan: Una serie aclamada que presenta una versi\u00f3n futura de Wolverine en un mundo post-apocal\u00edptico, explorando temas de envejecimiento, culpa y redenci\u00f3n.<br \/>\n Adaptaciones<br \/>\n Wolverine ha sido adaptado en numerosos medios, siendo m\u00e1s notablemente interpretado por Hugh Jackman en la serie de pel\u00edculas de los X-Men y en la trilog\u00eda de pel\u00edculas en solitario. Jackman interpret\u00f3 al personaje durante 17 a\u00f1os, desde &#8220;X-Men&#8221; (2000) hasta &#8220;Logan&#8221; (2017), y su interpretaci\u00f3n es ampliamente aclamada.<\/p>\n<p> Adem\u00e1s, Wolverine ha aparecido en series animadas, videojuegos y ha tenido m\u00faltiples figuras de acci\u00f3n y productos de merchandising.<\/p>\n","protected":false},"excerpt":{"rendered":"<p>Wolverine, cuyo nombre real es James Howlett pero conocido com\u00fanmente como Logan, es uno de los superh\u00e9roes m\u00e1s ic\u00f3nicos del universo Marvel Comics. Fue creado por el escritor Len Wein y el director de arte John Romita Sr., con Herb Trimpe como el primer artista en dibujarlo. Wolverine hizo su debut en &#8220;The Incredible Hulk&#8221; #180 en 1974.<\/p>\n<p> Origen y Transformaci\u00f3n<br \/>\n La historia de origen de Wolverine es compleja y est\u00e1 llena de misterios y tragedias. Naci\u00f3 en el siglo XIX en Canad\u00e1, en una familia adinerada bajo el nombre de James Howlett. Tras la muerte de su padre biol\u00f3gico y la revelaci\u00f3n de sus habilidades mutantes, que se manifestaron en forma de garras de hueso y un factor de curaci\u00f3n, James adopta el nombre de Logan.<\/p>\n<p> Apariencia<br \/>\n Wolverine es caracterizado por su apariencia robusta y salvaje. Es de estatura baja pero musculoso, con cabello oscuro y en punta, y a menudo con una barba caracter\u00edstica. Su traje m\u00e1s ic\u00f3nico es amarillo y azul con una m\u00e1scara que tiene orejas puntiagudas, aunque ha tenido varias versiones a lo largo de los a\u00f1os, incluyendo trajes marrones y naranjas y atuendos m\u00e1s modernos y t\u00e1cticos.<\/p>\n","protected":false},"featured_media":11696,"comment_status":"open","ping_status":"closed","template":"","meta":[],"product_cat":[],"product_tag":[],"acf":[],"_links":{"self":[{"href":"https:\/\/jbtoyscollector.com\/index.php?rest_route=\/wp\/v2\/product\/11595"}],"collection":[{"href":"https:\/\/jbtoyscollector.com\/index.php?rest_route=\/wp\/v2\/product"}],"about":[{"href":"https:\/\/jbtoyscollector.com\/index.php?rest_route=\/wp\/v2\/types\/product"}],"replies":[{"embeddable":true,"href":"https:\/\/jbtoyscollector.com\/index.php?rest_route=%2Fwp%2Fv2%2Fcomments&post=11595"}],"wp:featuredmedia":[{"embeddable":true,"href":"https:\/\/jbtoyscollector.com\/index.php?rest_route=\/wp\/v2\/media\/11696"}],"wp:attachment":[{"href":"https:\/\/jbtoyscollector.com\/index.php?rest_route=%2Fwp%2Fv2%2Fmedia&parent=11595"}],"wp:term":[{"taxonomy":"product_cat","embeddable":true,"href":"https:\/\/jbtoyscollector.com\/index.php?rest_route=%2Fwp%2Fv2%2Fproduct_cat&post=11595"},{"taxonomy":"product_tag","embeddable":true,"href":"https:\/\/jbtoyscollector.com\/index.php?rest_route=%2Fwp%2Fv2%2Fproduct_tag&post=11595"}],"curies":[{"name":"wp","href":"https:\/\/api.w.org\/{rel}","templated":true}]}}