{"id":11593,"date":"2024-07-01T20:48:24","date_gmt":"2024-07-01T18:48:24","guid":{"rendered":"https:\/\/jbtoyscollector.com\/?product=the-incredible-hulk-marvel-legends-joe-fixit-exclusive"},"modified":"2025-10-13T08:52:00","modified_gmt":"2025-10-13T06:52:00","slug":"the-incredible-hulk-marvel-legends-joe-fixit-exclusive","status":"publish","type":"product","link":"https:\/\/jbtoyscollector.com\/?product=the-incredible-hulk-marvel-legends-joe-fixit-exclusive","title":{"rendered":"The Incredible Hulk Marvel Legends Joe Fixit Exclusive"},"content":{"rendered":"<p>A diferencia de la versi\u00f3n verde m\u00e1s conocida de Hulk, que es m\u00e1s primitiva e impulsiva, Joe Fixit es m\u00e1s inteligente, astuto y sarc\u00e1stico. A menudo se involucra en actividades criminales, como extorsi\u00f3n y juego, y trabaja como un mat\u00f3n para el crimen organizado. A pesar de sus tendencias villanas, Joe Fixit tiene un c\u00f3digo moral propio y a menudo toma decisiones que considera justas, incluso si no son moralmente correctas.<\/p>\n<p> Papel en los C\u00f3mics<br \/>\n Joe Fixit ha aparecido en varias historias de Hulk y en otros c\u00f3mics de Marvel. Durante su tiempo como Joe Fixit, Hulk ha tenido numerosas aventuras, enfrentamientos y alianzas con varios h\u00e9roes y villanos del Universo Marvel.<\/p>\n<p> A lo largo de los a\u00f1os, las m\u00faltiples personalidades de Hulk, incluida Joe Fixit, han sido una fuente de conflictos internos para el personaje y han agregado profundidad y complejidad a su historia en los c\u00f3mics.<\/p>\n","protected":false},"excerpt":{"rendered":"<p>Joe Fixit es un alias utilizado por Bruce Banner, tambi\u00e9n conocido como Hulk, en el universo de Marvel Comics. Es una de las personalidades alternativas de Hulk y se distingue por tener una personalidad m\u00e1s astuta y maquiav\u00e9lica en comparaci\u00f3n con la personalidad tradicional de Hulk.<\/p>\n<p> Or\u00edgenes y Caracter\u00edsticas<br \/>\n Joe Fixit apareci\u00f3 por primera vez en &#8220;The Incredible Hulk&#8221; #347 en 1988. En esta encarnaci\u00f3n, Hulk se transforma en una forma gris m\u00e1s baja y musculosa, conocida como &#8220;Gray Hulk&#8221;, en lugar de la cl\u00e1sica forma verde. Adem\u00e1s del cambio de apariencia f\u00edsica, Joe Fixit tiene una personalidad completamente diferente a la de Hulk.<\/p>\n","protected":false},"featured_media":11694,"comment_status":"open","ping_status":"closed","template":"","meta":[],"product_cat":[],"product_tag":[],"acf":[],"_links":{"self":[{"href":"https:\/\/jbtoyscollector.com\/index.php?rest_route=\/wp\/v2\/product\/11593"}],"collection":[{"href":"https:\/\/jbtoyscollector.com\/index.php?rest_route=\/wp\/v2\/product"}],"about":[{"href":"https:\/\/jbtoyscollector.com\/index.php?rest_route=\/wp\/v2\/types\/product"}],"replies":[{"embeddable":true,"href":"https:\/\/jbtoyscollector.com\/index.php?rest_route=%2Fwp%2Fv2%2Fcomments&post=11593"}],"wp:featuredmedia":[{"embeddable":true,"href":"https:\/\/jbtoyscollector.com\/index.php?rest_route=\/wp\/v2\/media\/11694"}],"wp:attachment":[{"href":"https:\/\/jbtoyscollector.com\/index.php?rest_route=%2Fwp%2Fv2%2Fmedia&parent=11593"}],"wp:term":[{"taxonomy":"product_cat","embeddable":true,"href":"https:\/\/jbtoyscollector.com\/index.php?rest_route=%2Fwp%2Fv2%2Fproduct_cat&post=11593"},{"taxonomy":"product_tag","embeddable":true,"href":"https:\/\/jbtoyscollector.com\/index.php?rest_route=%2Fwp%2Fv2%2Fproduct_tag&post=11593"}],"curies":[{"name":"wp","href":"https:\/\/api.w.org\/{rel}","templated":true}]}}