{"id":11591,"date":"2024-07-01T20:48:23","date_gmt":"2024-07-01T18:48:23","guid":{"rendered":"https:\/\/jbtoyscollector.com\/?product=dc-comics-one12-collective-robin"},"modified":"2024-07-01T22:43:59","modified_gmt":"2024-07-01T20:43:59","slug":"dc-comics-one12-collective-robin","status":"publish","type":"product","link":"https:\/\/jbtoyscollector.com\/?product=dc-comics-one12-collective-robin","title":{"rendered":"DC Comics One:12 Collective Robin"},"content":{"rendered":"<p>Damian Wayne fue criado por la Liga de los Asesinos y entrenado desde una edad temprana en artes marciales y t\u00e1cticas de combate. A pesar de su corta edad, Damian es excepcionalmente habilidoso en el combate cuerpo a cuerpo y posee una inteligencia y astucia extraordinarias.<\/p>\n<p> Inicialmente, Damian es presentado como un personaje arrogante y desafiante, pero a medida que avanza su historia, muestra un crecimiento emocional y un deseo de redimirse y ganarse el respeto y la aceptaci\u00f3n de su padre, Batman.<\/p>\n","protected":false},"excerpt":{"rendered":"<p>Damian Wayne es un personaje ficticio en el universo de DC Comics y es uno de los muchos personajes que han asumido el manto de Robin, el fiel compa\u00f1ero de Batman. Damian es el hijo biol\u00f3gico de Bruce Wayne (Batman) y Talia al Ghul, hija de Ra&#8217;s al Ghul, l\u00edder de la Liga de los Asesinos.<\/p>\n","protected":false},"featured_media":11692,"comment_status":"open","ping_status":"closed","template":"","meta":[],"product_cat":[],"product_tag":[],"acf":[],"_links":{"self":[{"href":"https:\/\/jbtoyscollector.com\/index.php?rest_route=\/wp\/v2\/product\/11591"}],"collection":[{"href":"https:\/\/jbtoyscollector.com\/index.php?rest_route=\/wp\/v2\/product"}],"about":[{"href":"https:\/\/jbtoyscollector.com\/index.php?rest_route=\/wp\/v2\/types\/product"}],"replies":[{"embeddable":true,"href":"https:\/\/jbtoyscollector.com\/index.php?rest_route=%2Fwp%2Fv2%2Fcomments&post=11591"}],"wp:featuredmedia":[{"embeddable":true,"href":"https:\/\/jbtoyscollector.com\/index.php?rest_route=\/wp\/v2\/media\/11692"}],"wp:attachment":[{"href":"https:\/\/jbtoyscollector.com\/index.php?rest_route=%2Fwp%2Fv2%2Fmedia&parent=11591"}],"wp:term":[{"taxonomy":"product_cat","embeddable":true,"href":"https:\/\/jbtoyscollector.com\/index.php?rest_route=%2Fwp%2Fv2%2Fproduct_cat&post=11591"},{"taxonomy":"product_tag","embeddable":true,"href":"https:\/\/jbtoyscollector.com\/index.php?rest_route=%2Fwp%2Fv2%2Fproduct_tag&post=11591"}],"curies":[{"name":"wp","href":"https:\/\/api.w.org\/{rel}","templated":true}]}}