{"id":11588,"date":"2024-07-01T20:48:19","date_gmt":"2024-07-01T18:48:19","guid":{"rendered":"https:\/\/jbtoyscollector.com\/?product=transformers-generations-selects-leader-galvatron"},"modified":"2024-07-01T22:43:58","modified_gmt":"2024-07-01T20:43:58","slug":"transformers-generations-selects-leader-galvatron","status":"publish","type":"product","link":"https:\/\/jbtoyscollector.com\/?product=transformers-generations-selects-leader-galvatron","title":{"rendered":"Transformers Generations Selects Leader Galvatron"},"content":{"rendered":"<p>Galvatron se transforma en un tanque, un ca\u00f1\u00f3n de asalto o un veh\u00edculo similar, dependiendo de la encarnaci\u00f3n espec\u00edfica del personaje. En su forma de robot, es imponente, poderoso y est\u00e1 armado con una variedad de armas devastadoras. Es un l\u00edder carism\u00e1tico y despiadado que har\u00e1 lo que sea necesario para lograr sus objetivos.<\/p>\n<p> Apariciones en Medios<br \/>\n Galvatron ha aparecido en varias encarnaciones de la serie Transformers a lo largo de los a\u00f1os. En la serie original de Transformers de los a\u00f1os 80, Galvatron es presentado como una versi\u00f3n futurista y mejorada de Megatron, enviado desde el futuro por Unicron, un ser c\u00f3smico malvado, para liderar a los Decepticons.<\/p>\n<p> Adem\u00e1s de la serie original, Galvatron ha aparecido en otras series de televisi\u00f3n de Transformers, c\u00f3mics y videojuegos. Ha sido representado en juguetes de Transformers en varias l\u00edneas de productos a lo largo de los a\u00f1os.<\/p>\n","protected":false},"excerpt":{"rendered":"<p>Galvatron es un personaje ficticio de la franquicia Transformers. Es conocido por ser uno de los principales antagonistas de los Autobots y un l\u00edder temible de los Decepticons en varias encarnaciones de la serie. Galvatron ha aparecido en varias series de televisi\u00f3n, pel\u00edculas, c\u00f3mics y otros medios relacionados con Transformers a lo largo de los a\u00f1os.<\/p>\n<p> Caracter\u00edsticas de Galvatron<br \/>\n Galvatron es una versi\u00f3n mejorada y m\u00e1s poderosa de Megatron, el l\u00edder original de los Decepticons. En muchas encarnaciones, Galvatron es creado a partir de la reconstrucci\u00f3n o resurrecci\u00f3n de Megatron despu\u00e9s de su derrota. Como resultado, Galvatron conserva muchas de las caracter\u00edsticas de Megatron, pero con una fuerza y poder aumentados.<\/p>\n","protected":false},"featured_media":11689,"comment_status":"open","ping_status":"closed","template":"","meta":[],"product_cat":[],"product_tag":[],"acf":[],"_links":{"self":[{"href":"https:\/\/jbtoyscollector.com\/index.php?rest_route=\/wp\/v2\/product\/11588"}],"collection":[{"href":"https:\/\/jbtoyscollector.com\/index.php?rest_route=\/wp\/v2\/product"}],"about":[{"href":"https:\/\/jbtoyscollector.com\/index.php?rest_route=\/wp\/v2\/types\/product"}],"replies":[{"embeddable":true,"href":"https:\/\/jbtoyscollector.com\/index.php?rest_route=%2Fwp%2Fv2%2Fcomments&post=11588"}],"wp:featuredmedia":[{"embeddable":true,"href":"https:\/\/jbtoyscollector.com\/index.php?rest_route=\/wp\/v2\/media\/11689"}],"wp:attachment":[{"href":"https:\/\/jbtoyscollector.com\/index.php?rest_route=%2Fwp%2Fv2%2Fmedia&parent=11588"}],"wp:term":[{"taxonomy":"product_cat","embeddable":true,"href":"https:\/\/jbtoyscollector.com\/index.php?rest_route=%2Fwp%2Fv2%2Fproduct_cat&post=11588"},{"taxonomy":"product_tag","embeddable":true,"href":"https:\/\/jbtoyscollector.com\/index.php?rest_route=%2Fwp%2Fv2%2Fproduct_tag&post=11588"}],"curies":[{"name":"wp","href":"https:\/\/api.w.org\/{rel}","templated":true}]}}