{"id":11587,"date":"2024-07-01T20:48:19","date_gmt":"2024-07-01T18:48:19","guid":{"rendered":"https:\/\/jbtoyscollector.com\/?product=transformers-legacy-generations-selects-voyager-cyclonus-nightstick"},"modified":"2024-07-01T22:43:57","modified_gmt":"2024-07-01T20:43:57","slug":"transformers-legacy-generations-selects-voyager-cyclonus-nightstick","status":"publish","type":"product","link":"https:\/\/jbtoyscollector.com\/?product=transformers-legacy-generations-selects-voyager-cyclonus-nightstick","title":{"rendered":"Transformers: Legacy Generations Selects Voyager Cyclonus &#038; Nightstick"},"content":{"rendered":"<p>Cyclonus se transforma en un caza espacial Cybertroniano, espec\u00edficamente en un caza espacial similar a un Sukhoi Su-27 Flanker. En su forma de robot, es alto, poderoso y est\u00e1 armado con una variedad de armas letales. Es un guerrero temible en el campo de batalla, conocido por su habilidad para volar a velocidades incre\u00edbles y su destreza en el combate cuerpo a cuerpo.<\/p>\n<p> A diferencia de algunos Decepticons que pueden tener dudas o cuestionar las \u00f3rdenes de su l\u00edder, Cyclonus es retratado como un seguidor leal y dedicado de Megatron o de quien sea el l\u00edder de los Decepticons en un momento dado. \u00c9l sigue las \u00f3rdenes sin vacilar y est\u00e1 dispuesto a hacer lo que sea necesario para alcanzar los objetivos de su facci\u00f3n.<\/p>\n","protected":false},"excerpt":{"rendered":"<p>Cyclonus es un personaje ficticio de la franquicia Transformers. Es conocido por ser un leal seguidor de los Decepticons y un feroz guerrero en el campo de batalla. Cyclonus ha aparecido en varias encarnaciones de la serie Transformers a lo largo de los a\u00f1os, incluyendo series de televisi\u00f3n, c\u00f3mics y pel\u00edculas.<\/p>\n","protected":false},"featured_media":11688,"comment_status":"open","ping_status":"closed","template":"","meta":[],"product_cat":[],"product_tag":[],"acf":[],"_links":{"self":[{"href":"https:\/\/jbtoyscollector.com\/index.php?rest_route=\/wp\/v2\/product\/11587"}],"collection":[{"href":"https:\/\/jbtoyscollector.com\/index.php?rest_route=\/wp\/v2\/product"}],"about":[{"href":"https:\/\/jbtoyscollector.com\/index.php?rest_route=\/wp\/v2\/types\/product"}],"replies":[{"embeddable":true,"href":"https:\/\/jbtoyscollector.com\/index.php?rest_route=%2Fwp%2Fv2%2Fcomments&post=11587"}],"wp:featuredmedia":[{"embeddable":true,"href":"https:\/\/jbtoyscollector.com\/index.php?rest_route=\/wp\/v2\/media\/11688"}],"wp:attachment":[{"href":"https:\/\/jbtoyscollector.com\/index.php?rest_route=%2Fwp%2Fv2%2Fmedia&parent=11587"}],"wp:term":[{"taxonomy":"product_cat","embeddable":true,"href":"https:\/\/jbtoyscollector.com\/index.php?rest_route=%2Fwp%2Fv2%2Fproduct_cat&post=11587"},{"taxonomy":"product_tag","embeddable":true,"href":"https:\/\/jbtoyscollector.com\/index.php?rest_route=%2Fwp%2Fv2%2Fproduct_tag&post=11587"}],"curies":[{"name":"wp","href":"https:\/\/api.w.org\/{rel}","templated":true}]}}