{"id":11586,"date":"2024-07-01T20:48:18","date_gmt":"2024-07-01T18:48:18","guid":{"rendered":"https:\/\/jbtoyscollector.com\/?product=transformers-legacy-evolution-voyager-dirge"},"modified":"2024-07-01T22:43:57","modified_gmt":"2024-07-01T20:43:57","slug":"transformers-legacy-evolution-voyager-dirge","status":"publish","type":"product","link":"https:\/\/jbtoyscollector.com\/?product=transformers-legacy-evolution-voyager-dirge","title":{"rendered":"Transformers: Legacy Evolution Voyager Dirge"},"content":{"rendered":"<p>Dirge se transforma en un avi\u00f3n de combate tipo caza, espec\u00edficamente en un caza de combate de ala variable, similar a un F-14 Tomcat. En su forma de robot, tiene una apariencia aerodin\u00e1mica y posee habilidades de vuelo superiores. Es un guerrero letal en el aire y es conocido por su velocidad y agilidad en el combate a\u00e9reo.<\/p>\n<p> Dirge es retratado com\u00fanmente como un soldado leal y obediente de Megatron. A menudo sigue las \u00f3rdenes de su l\u00edder sin cuestionarlas y se dedica a la causa Decepticon con fervor. Aunque puede ser fr\u00edo y calculador, tambi\u00e9n es valiente y decidido en la batalla.<\/p>\n","protected":false},"excerpt":{"rendered":"<p>Dirge es un personaje ficticio de la franquicia de Transformers. Es parte de la facci\u00f3n de los Decepticons y es conocido por su capacidad para volar a altas velocidades y por su lealtad al l\u00edder de los Decepticons, Megatron. Dirge es uno de los Seekers, un grupo de Decepticons que se transforman en aviones de combate.<\/p>\n","protected":false},"featured_media":11687,"comment_status":"open","ping_status":"closed","template":"","meta":[],"product_cat":[],"product_tag":[],"acf":[],"_links":{"self":[{"href":"https:\/\/jbtoyscollector.com\/index.php?rest_route=\/wp\/v2\/product\/11586"}],"collection":[{"href":"https:\/\/jbtoyscollector.com\/index.php?rest_route=\/wp\/v2\/product"}],"about":[{"href":"https:\/\/jbtoyscollector.com\/index.php?rest_route=\/wp\/v2\/types\/product"}],"replies":[{"embeddable":true,"href":"https:\/\/jbtoyscollector.com\/index.php?rest_route=%2Fwp%2Fv2%2Fcomments&post=11586"}],"wp:featuredmedia":[{"embeddable":true,"href":"https:\/\/jbtoyscollector.com\/index.php?rest_route=\/wp\/v2\/media\/11687"}],"wp:attachment":[{"href":"https:\/\/jbtoyscollector.com\/index.php?rest_route=%2Fwp%2Fv2%2Fmedia&parent=11586"}],"wp:term":[{"taxonomy":"product_cat","embeddable":true,"href":"https:\/\/jbtoyscollector.com\/index.php?rest_route=%2Fwp%2Fv2%2Fproduct_cat&post=11586"},{"taxonomy":"product_tag","embeddable":true,"href":"https:\/\/jbtoyscollector.com\/index.php?rest_route=%2Fwp%2Fv2%2Fproduct_tag&post=11586"}],"curies":[{"name":"wp","href":"https:\/\/api.w.org\/{rel}","templated":true}]}}