{"id":11582,"date":"2024-07-01T20:48:17","date_gmt":"2024-07-01T18:48:17","guid":{"rendered":"https:\/\/jbtoyscollector.com\/?product=masters-of-the-universe-origins-turtles-of-grayskull-mutated-he-man"},"modified":"2024-07-01T22:43:56","modified_gmt":"2024-07-01T20:43:56","slug":"masters-of-the-universe-origins-turtles-of-grayskull-mutated-he-man","status":"publish","type":"product","link":"https:\/\/jbtoyscollector.com\/?product=masters-of-the-universe-origins-turtles-of-grayskull-mutated-he-man","title":{"rendered":"Masters of the Universe: Origins Turtles of Grayskull Mutated He-Man"},"content":{"rendered":"<p>Aunque ambas franquicias son populares y han generado su propio universo de historias y personajes, &#8220;Turtles of Grayskull&#8221; no es una parte oficial de ninguna de ellas. Sin embargo, la idea de combinar elementos de ambas franquicias podr\u00eda ser interesante para los fan\u00e1ticos de ambas series.<\/p>\n","protected":false},"excerpt":{"rendered":"<p>Las Tortugas Ninja son un grupo de cuatro tortugas antropom\u00f3rficas mutantes adolescentes que fueron entrenadas en el arte del ninjutsu por su maestro, Splinter. Son conocidas por su lucha contra el crimen en la ciudad de Nueva York, donde se enfrentan a enemigos como Shredder y el Clan del Pie.<\/p>\n<p> Por otro lado, &#8220;Masters of the Universe&#8221; es una franquicia de juguetes, c\u00f3mics, series de televisi\u00f3n y pel\u00edculas que sigue las aventuras de He-Man y los Masters del Universo en el planeta Eternia. Se enfrentan al malvado Skeletor y sus secuaces en su lucha por proteger el Castillo de Grayskull y el reino de Eternia.<\/p>\n","protected":false},"featured_media":11683,"comment_status":"open","ping_status":"closed","template":"","meta":[],"product_cat":[],"product_tag":[],"acf":[],"_links":{"self":[{"href":"https:\/\/jbtoyscollector.com\/index.php?rest_route=\/wp\/v2\/product\/11582"}],"collection":[{"href":"https:\/\/jbtoyscollector.com\/index.php?rest_route=\/wp\/v2\/product"}],"about":[{"href":"https:\/\/jbtoyscollector.com\/index.php?rest_route=\/wp\/v2\/types\/product"}],"replies":[{"embeddable":true,"href":"https:\/\/jbtoyscollector.com\/index.php?rest_route=%2Fwp%2Fv2%2Fcomments&post=11582"}],"wp:featuredmedia":[{"embeddable":true,"href":"https:\/\/jbtoyscollector.com\/index.php?rest_route=\/wp\/v2\/media\/11683"}],"wp:attachment":[{"href":"https:\/\/jbtoyscollector.com\/index.php?rest_route=%2Fwp%2Fv2%2Fmedia&parent=11582"}],"wp:term":[{"taxonomy":"product_cat","embeddable":true,"href":"https:\/\/jbtoyscollector.com\/index.php?rest_route=%2Fwp%2Fv2%2Fproduct_cat&post=11582"},{"taxonomy":"product_tag","embeddable":true,"href":"https:\/\/jbtoyscollector.com\/index.php?rest_route=%2Fwp%2Fv2%2Fproduct_tag&post=11582"}],"curies":[{"name":"wp","href":"https:\/\/api.w.org\/{rel}","templated":true}]}}