{"id":11580,"date":"2024-07-01T20:48:16","date_gmt":"2024-07-01T18:48:16","guid":{"rendered":"https:\/\/jbtoyscollector.com\/?product=masters-of-the-universe-origins-stratos-cartoon-collection"},"modified":"2024-07-01T22:43:55","modified_gmt":"2024-07-01T20:43:55","slug":"masters-of-the-universe-origins-stratos-cartoon-collection","status":"publish","type":"product","link":"https:\/\/jbtoyscollector.com\/?product=masters-of-the-universe-origins-stratos-cartoon-collection","title":{"rendered":"Masters of the Universe: Origins Stratos (Cartoon Collection)"},"content":{"rendered":"<p>Caracter\u00edsticas de Stratos<br \/>\n Stratos es un hombre-ave con plumas azules y blancas, alas enormes que le permiten volar y un pico afilado. Es conocido por su agilidad en el aire y su habilidad para maniobrar h\u00e1bilmente en combate. Adem\u00e1s de su habilidad para volar, Stratos es un guerrero formidable que usa su destreza en combate cuerpo a cuerpo y su inteligencia t\u00e1ctica para enfrentarse a sus enemigos.<\/p>\n<p> Papel en la Serie de Televisi\u00f3n y en los C\u00f3mics<br \/>\n En la serie animada de &#8220;He-Man y los Masters del Universo&#8221; de los a\u00f1os 80, Stratos es presentado como uno de los aliados m\u00e1s confiables de He-Man. Es el l\u00edder de los Aviones del Viento y act\u00faa como un mensajero entre el Castillo de Grayskull y otras partes de Eternia. Stratos a menudo ayuda a He-Man y sus aliados en misiones peligrosas y se une a ellos en la lucha contra Skeletor y sus secuaces.<\/p>\n<p> Adem\u00e1s de la serie animada, Stratos ha aparecido en c\u00f3mics, libros y otros medios relacionados con la franquicia de &#8220;Masters del Universo&#8221;. Su papel como aliado de He-Man y l\u00edder de los Aviones del Viento lo ha convertido en un personaje popular entre los fan\u00e1ticos de la serie y en un miembro querido de los Masters del Universo.<\/p>\n","protected":false},"excerpt":{"rendered":"<p>Stratos es un personaje ficticio de la franquicia &#8220;Masters del Universo&#8221; (&#8220;Masters of the Universe&#8221;) de Mattel. Es conocido como el l\u00edder de la raza de avianos conocida como los Aviones del Viento, y es un aliado de He-Man y los Masters del Universo en su lucha contra las fuerzas del mal, especialmente contra Skeletor y sus secuaces.<\/p>\n","protected":false},"featured_media":11681,"comment_status":"open","ping_status":"closed","template":"","meta":[],"product_cat":[],"product_tag":[],"acf":[],"_links":{"self":[{"href":"https:\/\/jbtoyscollector.com\/index.php?rest_route=\/wp\/v2\/product\/11580"}],"collection":[{"href":"https:\/\/jbtoyscollector.com\/index.php?rest_route=\/wp\/v2\/product"}],"about":[{"href":"https:\/\/jbtoyscollector.com\/index.php?rest_route=\/wp\/v2\/types\/product"}],"replies":[{"embeddable":true,"href":"https:\/\/jbtoyscollector.com\/index.php?rest_route=%2Fwp%2Fv2%2Fcomments&post=11580"}],"wp:featuredmedia":[{"embeddable":true,"href":"https:\/\/jbtoyscollector.com\/index.php?rest_route=\/wp\/v2\/media\/11681"}],"wp:attachment":[{"href":"https:\/\/jbtoyscollector.com\/index.php?rest_route=%2Fwp%2Fv2%2Fmedia&parent=11580"}],"wp:term":[{"taxonomy":"product_cat","embeddable":true,"href":"https:\/\/jbtoyscollector.com\/index.php?rest_route=%2Fwp%2Fv2%2Fproduct_cat&post=11580"},{"taxonomy":"product_tag","embeddable":true,"href":"https:\/\/jbtoyscollector.com\/index.php?rest_route=%2Fwp%2Fv2%2Fproduct_tag&post=11580"}],"curies":[{"name":"wp","href":"https:\/\/api.w.org\/{rel}","templated":true}]}}