{"id":11573,"date":"2024-07-01T20:48:14","date_gmt":"2024-07-01T18:48:14","guid":{"rendered":"https:\/\/jbtoyscollector.com\/?product=masters-of-the-universe-revolution-masterverse-emperor-hordak"},"modified":"2024-07-01T22:43:53","modified_gmt":"2024-07-01T20:43:53","slug":"masters-of-the-universe-revolution-masterverse-emperor-hordak","status":"publish","type":"product","link":"https:\/\/jbtoyscollector.com\/?product=masters-of-the-universe-revolution-masterverse-emperor-hordak","title":{"rendered":"Masters of the Universe: Revolution Masterverse Emperor Hordak"},"content":{"rendered":"<p>Papel en &#8220;She-Ra: Princess of Power&#8221;<br \/>\n En la serie animada &#8220;She-Ra: Princess of Power&#8221;, Hordak es el principal antagonista que gobierna Etheria desde su base en el Foso del Terror (Fright Zone). Intenta conquistar Etheria y derrotar a la Rebeli\u00f3n, un grupo de guerreros liderados por la princesa Adora, que se transforma en She-Ra, la hermana gemela de He-Man.<\/p>\n<p> Hordak utiliza una variedad de monstruos, robots y secuaces para llevar a cabo sus planes mal\u00e9volos, incluyendo a personajes como Shadow Weaver, Mantenna, Grizzlor y Leech. A lo largo de la serie, Hordak busca desesperadamente capturar a She-Ra y usar su poder para consolidar su control sobre Etheria.<\/p>\n","protected":false},"excerpt":{"rendered":"<p>Hordak es el l\u00edder de la Horda, una fuerza maligna que busca conquistar el planeta de Etheria y someter a sus habitantes. Antes de llegar a Etheria, Hordak era un general de la Horda en el planeta Eternia, pero fue traicionado por su lugarteniente, Skeletor, y exiliado a Etheria junto con algunos de sus seguidores.<\/p>\n<p> Hordak es retratado como un ser cruel y despiadado, con habilidades m\u00e1gicas y tecnol\u00f3gicas avanzadas. Su apariencia f\u00edsica es la de un ser alto y esquel\u00e9tico, con una m\u00e1scara met\u00e1lica que cubre parte de su rostro y un brazo mec\u00e1nico. Su principal objetivo es capturar a la princesa Adora, la hermana gemela de He-Man, y convertirla en su propia arma para aumentar su poder.<\/p>\n","protected":false},"featured_media":11674,"comment_status":"open","ping_status":"closed","template":"","meta":[],"product_cat":[],"product_tag":[],"acf":[],"_links":{"self":[{"href":"https:\/\/jbtoyscollector.com\/index.php?rest_route=\/wp\/v2\/product\/11573"}],"collection":[{"href":"https:\/\/jbtoyscollector.com\/index.php?rest_route=\/wp\/v2\/product"}],"about":[{"href":"https:\/\/jbtoyscollector.com\/index.php?rest_route=\/wp\/v2\/types\/product"}],"replies":[{"embeddable":true,"href":"https:\/\/jbtoyscollector.com\/index.php?rest_route=%2Fwp%2Fv2%2Fcomments&post=11573"}],"wp:featuredmedia":[{"embeddable":true,"href":"https:\/\/jbtoyscollector.com\/index.php?rest_route=\/wp\/v2\/media\/11674"}],"wp:attachment":[{"href":"https:\/\/jbtoyscollector.com\/index.php?rest_route=%2Fwp%2Fv2%2Fmedia&parent=11573"}],"wp:term":[{"taxonomy":"product_cat","embeddable":true,"href":"https:\/\/jbtoyscollector.com\/index.php?rest_route=%2Fwp%2Fv2%2Fproduct_cat&post=11573"},{"taxonomy":"product_tag","embeddable":true,"href":"https:\/\/jbtoyscollector.com\/index.php?rest_route=%2Fwp%2Fv2%2Fproduct_tag&post=11573"}],"curies":[{"name":"wp","href":"https:\/\/api.w.org\/{rel}","templated":true}]}}