{"id":11571,"date":"2024-07-01T20:48:13","date_gmt":"2024-07-01T18:48:13","guid":{"rendered":"https:\/\/jbtoyscollector.com\/?product=cheetos-chester-cheetah"},"modified":"2024-07-01T22:43:53","modified_gmt":"2024-07-01T20:43:53","slug":"cheetos-chester-cheetah","status":"publish","type":"product","link":"https:\/\/jbtoyscollector.com\/?product=cheetos-chester-cheetah","title":{"rendered":"Cheetos Chester Cheetah"},"content":{"rendered":"<p>Chester ha aparecido en numerosos comerciales de televisi\u00f3n, anuncios impresos y campa\u00f1as de marketing de Cheetos desde su creaci\u00f3n en la d\u00e9cada de 1980. Siempre vestido con gafas de sol y una sonrisa traviesa, Chester a menudo es representado como un personaje fresco y seguro de s\u00ed mismo que siempre est\u00e1 listo para disfrutar de un bocado de Cheetos y llevar a cabo alguna travesura.<\/p>\n<p> La popularidad de Chester Cheetah ha trascendido los anuncios de televisi\u00f3n y se ha expandido a otros medios, como videojuegos, productos de merchandising y campa\u00f1as en redes sociales. Su imagen distintiva y su personalidad \u00fanica lo convierten en una de las mascotas publicitarias m\u00e1s reconocibles y queridas en la cultura pop.<\/p>\n","protected":false},"excerpt":{"rendered":"<p>Chester Cheetah es el ic\u00f3nico personaje publicitario y mascota de Cheetos, el popular snack de queso de la empresa Frito-Lay. Chester es un guepardo antropom\u00f3rfico con una personalidad audaz y desenfadada, conocido por su amor por los Cheetos y su actitud despreocupada.<\/p>\n","protected":false},"featured_media":11672,"comment_status":"open","ping_status":"closed","template":"","meta":[],"product_cat":[],"product_tag":[],"acf":[],"_links":{"self":[{"href":"https:\/\/jbtoyscollector.com\/index.php?rest_route=\/wp\/v2\/product\/11571"}],"collection":[{"href":"https:\/\/jbtoyscollector.com\/index.php?rest_route=\/wp\/v2\/product"}],"about":[{"href":"https:\/\/jbtoyscollector.com\/index.php?rest_route=\/wp\/v2\/types\/product"}],"replies":[{"embeddable":true,"href":"https:\/\/jbtoyscollector.com\/index.php?rest_route=%2Fwp%2Fv2%2Fcomments&post=11571"}],"wp:featuredmedia":[{"embeddable":true,"href":"https:\/\/jbtoyscollector.com\/index.php?rest_route=\/wp\/v2\/media\/11672"}],"wp:attachment":[{"href":"https:\/\/jbtoyscollector.com\/index.php?rest_route=%2Fwp%2Fv2%2Fmedia&parent=11571"}],"wp:term":[{"taxonomy":"product_cat","embeddable":true,"href":"https:\/\/jbtoyscollector.com\/index.php?rest_route=%2Fwp%2Fv2%2Fproduct_cat&post=11571"},{"taxonomy":"product_tag","embeddable":true,"href":"https:\/\/jbtoyscollector.com\/index.php?rest_route=%2Fwp%2Fv2%2Fproduct_tag&post=11571"}],"curies":[{"name":"wp","href":"https:\/\/api.w.org\/{rel}","templated":true}]}}