{"id":11568,"date":"2024-07-01T20:48:08","date_gmt":"2024-07-01T18:48:08","guid":{"rendered":"https:\/\/jbtoyscollector.com\/?product=wwe-elite-collection-series-108-brock-lesnar"},"modified":"2024-07-01T22:43:51","modified_gmt":"2024-07-01T20:43:51","slug":"wwe-elite-collection-series-108-brock-lesnar","status":"publish","type":"product","link":"https:\/\/jbtoyscollector.com\/?product=wwe-elite-collection-series-108-brock-lesnar","title":{"rendered":"WWE Elite Collection Series 108 Brock Lesnar"},"content":{"rendered":"<p>Brock Lesnar ha dejado un legado duradero en el mundo del wrestling profesional y las artes marciales mixtas. Su f\u00edsico imponente, su habilidad atl\u00e9tica y su carisma en el ring lo convierten en uno de los competidores m\u00e1s impresionantes y respetados en la historia de ambos deportes. A lo largo de su carrera, Lesnar ha sido un \u00edcono cultural y una figura destacada en la industria del entretenimiento deportivo, y su impacto en el mundo del wrestling y las MMA continuar\u00e1 siendo recordado por generaciones venideras.<\/p>\n","protected":false},"excerpt":{"rendered":"<p>Despu\u00e9s de su regreso a la WWE en 2012, Lesnar continu\u00f3 siendo una fuerza dominante en la empresa. Gan\u00f3 el Campeonato Universal de la WWE en m\u00faltiples ocasiones y particip\u00f3 en algunas de las rivalidades m\u00e1s intensas y emocionantes de la WWE en los \u00faltimos a\u00f1os. Su regreso a la WWE tambi\u00e9n incluy\u00f3 enfrentamientos con estrellas de la talla de Roman Reigns, Seth Rollins y Goldberg.<\/p>\n","protected":false},"featured_media":11669,"comment_status":"open","ping_status":"closed","template":"","meta":[],"product_cat":[],"product_tag":[],"acf":[],"_links":{"self":[{"href":"https:\/\/jbtoyscollector.com\/index.php?rest_route=\/wp\/v2\/product\/11568"}],"collection":[{"href":"https:\/\/jbtoyscollector.com\/index.php?rest_route=\/wp\/v2\/product"}],"about":[{"href":"https:\/\/jbtoyscollector.com\/index.php?rest_route=\/wp\/v2\/types\/product"}],"replies":[{"embeddable":true,"href":"https:\/\/jbtoyscollector.com\/index.php?rest_route=%2Fwp%2Fv2%2Fcomments&post=11568"}],"wp:featuredmedia":[{"embeddable":true,"href":"https:\/\/jbtoyscollector.com\/index.php?rest_route=\/wp\/v2\/media\/11669"}],"wp:attachment":[{"href":"https:\/\/jbtoyscollector.com\/index.php?rest_route=%2Fwp%2Fv2%2Fmedia&parent=11568"}],"wp:term":[{"taxonomy":"product_cat","embeddable":true,"href":"https:\/\/jbtoyscollector.com\/index.php?rest_route=%2Fwp%2Fv2%2Fproduct_cat&post=11568"},{"taxonomy":"product_tag","embeddable":true,"href":"https:\/\/jbtoyscollector.com\/index.php?rest_route=%2Fwp%2Fv2%2Fproduct_tag&post=11568"}],"curies":[{"name":"wp","href":"https:\/\/api.w.org\/{rel}","templated":true}]}}