{"id":11567,"date":"2024-07-01T20:48:08","date_gmt":"2024-07-01T18:48:08","guid":{"rendered":"https:\/\/jbtoyscollector.com\/?product=wwe-elite-collection-series-108-la-knight"},"modified":"2024-07-01T22:43:51","modified_gmt":"2024-07-01T20:43:51","slug":"wwe-elite-collection-series-108-la-knight","status":"publish","type":"product","link":"https:\/\/jbtoyscollector.com\/?product=wwe-elite-collection-series-108-la-knight","title":{"rendered":"WWE Elite Collection Series 108 LA Knight"},"content":{"rendered":"<p>En 2020, Ricker firm\u00f3 un contrato con la WWE y debut\u00f3 en su territorio de desarrollo, NXT. En NXT, adopt\u00f3 el nombre de ring L.A. Knight y r\u00e1pidamente se convirti\u00f3 en un destacado competidor en la marca. Su estilo de lucha agresivo y su habilidad en el micr\u00f3fono lo han convertido en un favorito de los fan\u00e1ticos y en una figura destacada en NXT.<\/p>\n<p> L.A. Knight ha participado en varias rivalidades destacadas en NXT y ha demostrado ser un contendiente serio para los campeonatos principales de la marca. Su futuro en la WWE parece brillante, y es probable que contin\u00fae dejando una marca significativa en el mundo del wrestling profesional.<\/p>\n","protected":false},"excerpt":{"rendered":"<p>L.A. Knight es el nombre de ring de un luchador profesional estadounidense que compite en la WWE. Su nombre real es Shaun Ricker. Ricker ha competido en varias promociones independientes antes de firmar con la WWE.<\/p>\n<p> L.A. Knight se destac\u00f3 en la promoci\u00f3n de Impact Wrestling, donde compiti\u00f3 bajo el nombre de ring &#8220;Eli Drake&#8221;. Durante su tiempo en Impact, gan\u00f3 m\u00faltiples campeonatos, incluyendo el Campeonato Mundial de Impact y el Campeonato de la Divisi\u00f3n X.<\/p>\n","protected":false},"featured_media":11668,"comment_status":"open","ping_status":"closed","template":"","meta":[],"product_cat":[],"product_tag":[],"acf":[],"_links":{"self":[{"href":"https:\/\/jbtoyscollector.com\/index.php?rest_route=\/wp\/v2\/product\/11567"}],"collection":[{"href":"https:\/\/jbtoyscollector.com\/index.php?rest_route=\/wp\/v2\/product"}],"about":[{"href":"https:\/\/jbtoyscollector.com\/index.php?rest_route=\/wp\/v2\/types\/product"}],"replies":[{"embeddable":true,"href":"https:\/\/jbtoyscollector.com\/index.php?rest_route=%2Fwp%2Fv2%2Fcomments&post=11567"}],"wp:featuredmedia":[{"embeddable":true,"href":"https:\/\/jbtoyscollector.com\/index.php?rest_route=\/wp\/v2\/media\/11668"}],"wp:attachment":[{"href":"https:\/\/jbtoyscollector.com\/index.php?rest_route=%2Fwp%2Fv2%2Fmedia&parent=11567"}],"wp:term":[{"taxonomy":"product_cat","embeddable":true,"href":"https:\/\/jbtoyscollector.com\/index.php?rest_route=%2Fwp%2Fv2%2Fproduct_cat&post=11567"},{"taxonomy":"product_tag","embeddable":true,"href":"https:\/\/jbtoyscollector.com\/index.php?rest_route=%2Fwp%2Fv2%2Fproduct_tag&post=11567"}],"curies":[{"name":"wp","href":"https:\/\/api.w.org\/{rel}","templated":true}]}}