{"id":11564,"date":"2024-07-01T20:48:07","date_gmt":"2024-07-01T18:48:07","guid":{"rendered":"https:\/\/jbtoyscollector.com\/?product=superman-batman-dc-multiverse-kryptonite-doomsday"},"modified":"2024-07-01T22:43:50","modified_gmt":"2024-07-01T20:43:50","slug":"superman-batman-dc-multiverse-kryptonite-doomsday","status":"publish","type":"product","link":"https:\/\/jbtoyscollector.com\/?product=superman-batman-dc-multiverse-kryptonite-doomsday","title":{"rendered":"Superman\/Batman DC Multiverse Kryptonite Doomsday"},"content":{"rendered":"<p>Poderes y Habilidades<br \/>\n Doomsday es uno de los seres m\u00e1s poderosos en el universo de DC Comics, y sus habilidades incluyen:<\/p>\n<p> Fuerza sobrehumana: Doomsday es incre\u00edblemente fuerte, capaz de rivalizar e incluso superar a personajes como Superman en t\u00e9rminos de fuerza f\u00edsica.<br \/>\n Durabilidad extrema: Su piel densa y su capacidad de regeneraci\u00f3n lo hacen pr\u00e1cticamente indestructible. Puede resistir explosiones nucleares, ataques c\u00f3smicos y otros peligros extremos.<br \/>\n Regeneraci\u00f3n: Doomsday tiene la capacidad de regenerarse de pr\u00e1cticamente cualquier da\u00f1o que se le inflige, lo que lo hace a\u00fan m\u00e1s dif\u00edcil de derrotar.<br \/>\n Adaptabilidad: Cada vez que es derrotado, Doomsday vuelve a la vida con inmunidad a lo que lo mat\u00f3 anteriormente, lo que lo hace cada vez m\u00e1s dif\u00edcil de derrotar en futuros encuentros.<\/p>\n","protected":false},"excerpt":{"rendered":"<p>Doomsday es m\u00e1s conocido por su papel en la historia &#8220;La muerte de Superman&#8221;, en la que llega a la Tierra y comienza una ola de destrucci\u00f3n imparable. Superman se enfrenta a \u00e9l en una batalla \u00e9pica que atraviesa Metr\u00f3polis y termina en un enfrentamiento final en las afueras de la ciudad. La batalla culmina con ambos luchadores infligi\u00e9ndose golpes mortales simult\u00e1neos, resultando en la aparente muerte tanto de Superman como de Doomsday.<\/p>\n","protected":false},"featured_media":11665,"comment_status":"open","ping_status":"closed","template":"","meta":[],"product_cat":[],"product_tag":[],"acf":[],"_links":{"self":[{"href":"https:\/\/jbtoyscollector.com\/index.php?rest_route=\/wp\/v2\/product\/11564"}],"collection":[{"href":"https:\/\/jbtoyscollector.com\/index.php?rest_route=\/wp\/v2\/product"}],"about":[{"href":"https:\/\/jbtoyscollector.com\/index.php?rest_route=\/wp\/v2\/types\/product"}],"replies":[{"embeddable":true,"href":"https:\/\/jbtoyscollector.com\/index.php?rest_route=%2Fwp%2Fv2%2Fcomments&post=11564"}],"wp:featuredmedia":[{"embeddable":true,"href":"https:\/\/jbtoyscollector.com\/index.php?rest_route=\/wp\/v2\/media\/11665"}],"wp:attachment":[{"href":"https:\/\/jbtoyscollector.com\/index.php?rest_route=%2Fwp%2Fv2%2Fmedia&parent=11564"}],"wp:term":[{"taxonomy":"product_cat","embeddable":true,"href":"https:\/\/jbtoyscollector.com\/index.php?rest_route=%2Fwp%2Fv2%2Fproduct_cat&post=11564"},{"taxonomy":"product_tag","embeddable":true,"href":"https:\/\/jbtoyscollector.com\/index.php?rest_route=%2Fwp%2Fv2%2Fproduct_tag&post=11564"}],"curies":[{"name":"wp","href":"https:\/\/api.w.org\/{rel}","templated":true}]}}