{"id":11562,"date":"2024-07-01T20:48:06","date_gmt":"2024-07-01T18:48:06","guid":{"rendered":"https:\/\/jbtoyscollector.com\/?product=masters-of-the-universe-origins-turtles-of-grayskull-skeletor"},"modified":"2025-10-13T08:46:51","modified_gmt":"2025-10-13T06:46:51","slug":"masters-of-the-universe-origins-turtles-of-grayskull-skeletor","status":"publish","type":"product","link":"https:\/\/jbtoyscollector.com\/?product=masters-of-the-universe-origins-turtles-of-grayskull-skeletor","title":{"rendered":"Masters of the Universe: Origins Turtles of Grayskull Skeletor"},"content":{"rendered":"<p>Skeletor es conocido por su malicia y su deseo implacable de poder. Es astuto, manipulador y est\u00e1 dispuesto a recurrir a cualquier medida, incluso a la traici\u00f3n y la crueldad, para lograr sus objetivos. A menudo se muestra como un l\u00edder carism\u00e1tico capaz de reclutar seguidores para sus planes mal\u00e9volos. A pesar de su obsesi\u00f3n por el poder, Skeletor a menudo es derrotado por He-Man y sus aliados, lo que alimenta su enemistad constante y su deseo de venganza.<\/p>\n<p> Relaci\u00f3n con He-Man y los Amos del Universo<br \/>\n He-Man y Skeletor son enemigos ac\u00e9rrimos y han librado numerosas batallas a lo largo de los a\u00f1os. He-Man es el defensor del reino de Eternia y el guardi\u00e1n del Castillo de Grayskull, mientras que Skeletor busca apoderarse del castillo y su poderoso secreto. Aunque sus confrontaciones suelen ser \u00e9picas y llenas de acci\u00f3n, tambi\u00e9n hay momentos en los que Skeletor y He-Man se ven obligados a unir fuerzas contra enemigos m\u00e1s grandes y amenazas comunes.<\/p>\n","protected":false},"excerpt":{"rendered":"<p>Skeletor es un ic\u00f3nico villano del universo de la franquicia de &#8220;He-Man and the Masters of the Universe&#8221; (conocido en espa\u00f1ol como &#8220;He-Man y los Amos del Universo&#8221;). Es el archienemigo del h\u00e9roe principal, He-Man, y es conocido por su apariencia siniestra y su astucia mal\u00e9vola. Skeletor ha aparecido en diversas formas de medios, incluyendo series de televisi\u00f3n, c\u00f3mics, pel\u00edculas y juguetes.<\/p>\n<p> Origen y Caracter\u00edsticas<br \/>\n Skeletor fue creado como el principal antagonista de la serie de televisi\u00f3n animada &#8220;He-Man and the Masters of the Universe&#8221;, producida por Filmation en la d\u00e9cada de 1980. Es un ser diab\u00f3lico de piel azul p\u00e1lida y con un cr\u00e1neo descarnado, que lleva una capa morada y tiene un rostro permanentemente esquel\u00e9tico. Skeletor es un hechicero poderoso y ambicioso que busca dominar el reino de Eternia y obtener el poder del Castillo de Grayskull.<\/p>\n","protected":false},"featured_media":11663,"comment_status":"open","ping_status":"closed","template":"","meta":[],"product_cat":[],"product_tag":[],"acf":[],"_links":{"self":[{"href":"https:\/\/jbtoyscollector.com\/index.php?rest_route=\/wp\/v2\/product\/11562"}],"collection":[{"href":"https:\/\/jbtoyscollector.com\/index.php?rest_route=\/wp\/v2\/product"}],"about":[{"href":"https:\/\/jbtoyscollector.com\/index.php?rest_route=\/wp\/v2\/types\/product"}],"replies":[{"embeddable":true,"href":"https:\/\/jbtoyscollector.com\/index.php?rest_route=%2Fwp%2Fv2%2Fcomments&post=11562"}],"wp:featuredmedia":[{"embeddable":true,"href":"https:\/\/jbtoyscollector.com\/index.php?rest_route=\/wp\/v2\/media\/11663"}],"wp:attachment":[{"href":"https:\/\/jbtoyscollector.com\/index.php?rest_route=%2Fwp%2Fv2%2Fmedia&parent=11562"}],"wp:term":[{"taxonomy":"product_cat","embeddable":true,"href":"https:\/\/jbtoyscollector.com\/index.php?rest_route=%2Fwp%2Fv2%2Fproduct_cat&post=11562"},{"taxonomy":"product_tag","embeddable":true,"href":"https:\/\/jbtoyscollector.com\/index.php?rest_route=%2Fwp%2Fv2%2Fproduct_tag&post=11562"}],"curies":[{"name":"wp","href":"https:\/\/api.w.org\/{rel}","templated":true}]}}