{"id":11553,"date":"2024-07-01T20:48:03","date_gmt":"2024-07-01T18:48:03","guid":{"rendered":"https:\/\/jbtoyscollector.com\/?product=iron-man-marvel-legends-retro-collection-she-hulk"},"modified":"2024-07-01T22:43:46","modified_gmt":"2024-07-01T20:43:46","slug":"iron-man-marvel-legends-retro-collection-she-hulk","status":"publish","type":"product","link":"https:\/\/jbtoyscollector.com\/?product=iron-man-marvel-legends-retro-collection-she-hulk","title":{"rendered":"Iron Man Marvel Legends Retro Collection She-Hulk"},"content":{"rendered":"<p>Trayectoria en los C\u00f3mics<br \/>\n She-Hulk ha sido miembro de varios equipos de superh\u00e9roes, incluyendo los Vengadores y los Cuatro Fant\u00e1sticos. Tambi\u00e9n ha tenido varias series de c\u00f3mics en solitario que exploran tanto sus aventuras superheroicas como su carrera legal. Sus historias a menudo combinan acci\u00f3n y comedia, y se han destacado por su tendencia a romper la cuarta pared, hablando directamente al lector y comentando sobre la narrativa del c\u00f3mic.<\/p>\n<p> Adaptaciones<br \/>\n She-Hulk ha aparecido en varias series animadas y videojuegos a lo largo de los a\u00f1os. En 2022, Marvel Studios lanz\u00f3 una serie de televisi\u00f3n en Disney+ titulada &#8220;She-Hulk: Attorney at Law,&#8221; protagonizada por Tatiana Maslany como Jennifer Walters. La serie sigue sus aventuras tanto como abogada como superhero\u00edna, y ha recibido elogios por su tono ligero y humor\u00edstico.<\/p>\n","protected":false},"excerpt":{"rendered":"<p>She-Hulk, cuyo nombre real es Jennifer Walters, es un personaje ficticio del universo de Marvel Comics. Fue creada por el escritor Stan Lee y el artista John Buscema, haciendo su primera aparici\u00f3n en &#8220;Savage She-Hulk&#8221; #1 en febrero de 1980. Jennifer Walters es una abogada que se convierte en la superhero\u00edna She-Hulk despu\u00e9s de recibir una transfusi\u00f3n de sangre de su primo, Bruce Banner (Hulk).<\/p>\n<p> Origen y Transformaci\u00f3n<br \/>\n Jennifer Walters es una abogada talentosa que vive y trabaja en Los \u00c1ngeles. Su vida cambia dr\u00e1sticamente cuando es gravemente herida por los hombres de un jefe criminal. Para salvar su vida, su primo Bruce Banner le hace una transfusi\u00f3n de sangre. Debido a la radiaci\u00f3n gamma en la sangre de Bruce, Jennifer adquiere la capacidad de transformarse en She-Hulk. A diferencia de Hulk, Jennifer mantiene su inteligencia y personalidad en su forma de She-Hulk, aunque con una fuerza y resistencia sobrehumanas.<\/p>\n","protected":false},"featured_media":11654,"comment_status":"open","ping_status":"closed","template":"","meta":[],"product_cat":[],"product_tag":[],"acf":[],"_links":{"self":[{"href":"https:\/\/jbtoyscollector.com\/index.php?rest_route=\/wp\/v2\/product\/11553"}],"collection":[{"href":"https:\/\/jbtoyscollector.com\/index.php?rest_route=\/wp\/v2\/product"}],"about":[{"href":"https:\/\/jbtoyscollector.com\/index.php?rest_route=\/wp\/v2\/types\/product"}],"replies":[{"embeddable":true,"href":"https:\/\/jbtoyscollector.com\/index.php?rest_route=%2Fwp%2Fv2%2Fcomments&post=11553"}],"wp:featuredmedia":[{"embeddable":true,"href":"https:\/\/jbtoyscollector.com\/index.php?rest_route=\/wp\/v2\/media\/11654"}],"wp:attachment":[{"href":"https:\/\/jbtoyscollector.com\/index.php?rest_route=%2Fwp%2Fv2%2Fmedia&parent=11553"}],"wp:term":[{"taxonomy":"product_cat","embeddable":true,"href":"https:\/\/jbtoyscollector.com\/index.php?rest_route=%2Fwp%2Fv2%2Fproduct_cat&post=11553"},{"taxonomy":"product_tag","embeddable":true,"href":"https:\/\/jbtoyscollector.com\/index.php?rest_route=%2Fwp%2Fv2%2Fproduct_tag&post=11553"}],"curies":[{"name":"wp","href":"https:\/\/api.w.org\/{rel}","templated":true}]}}